{"id":2275,"date":"2024-02-12T07:14:26","date_gmt":"2024-02-12T07:14:26","guid":{"rendered":"https:\/\/faroeway.fo\/?post_type=product&#038;p=2275"},"modified":"2024-02-25T07:57:08","modified_gmt":"2024-02-25T07:57:08","slug":"private-tour-centre-of-history-kirkjubo-torshavn-tinganes-and-nolsoy-island","status":"publish","type":"product","link":"https:\/\/faroeway.fo\/fo-fo\/product\/private-tour-centre-of-history-kirkjubo-torshavn-tinganes-and-nolsoy-island\/","title":{"rendered":"Private Tour &#8211; Centre of History | Kirkjub\u00f8, T\u00f3rshavn, Tinganes and N\u00f3lsoy island"},"content":{"rendered":"<div class=\"sc-eZPMgf dgwATl DescriptionTitle\" data-testid=\"description\">\n<div class=\"sc-eZPMgf dgwATl DescriptionTitle\" data-testid=\"description\">\n<p>On this full day excursion you will begin by taking a short bus ride to the beautiful old village of Kirkjub\u00f8ur (Church&#8217;s Field). Here you will visit the oldest church still in use in the Faroes, the over 900 years old \u00d3lavs church \u00a0Next is the ruins of the 14th Century St.Magnus Cathedral, the site and reason for the second Civil War in the Faroes. This magnificent old structure is a Unesco World Heritage Site. Finishing the visit in the 950+ years old farmhouse, the Roykstova. This farm is the home of the Patursson family, currently headed by the 17th generation of the family running this farm.<\/p>\n<p>From Kirkjub\u00f8 you will head back to the Capitol, T\u00f3rshavn, where you will join your guide on a walk to Tinganes, the site of the old Parliament of the Vikings, founded in 825 and currently the oldest Parliament in the World. Take a walk from there up through the old City, \u00e1 Reyn, and back down to the harbour.<\/p>\n<p>No excursion in the Faroes without some scenery. At the harbour you will board the ferry Ternan to N\u00f3lsoy, the island right outside of T\u00f3rshavn. There you will take a scenic hike (Easy level), visit a museum and have a light bite to eat. From there you will return on the ferry to T\u00f3rshavn and be shuttled back to your hotels.<\/p>\n<p><iframe title=\"Kirkjub\u00f8ur \/ Velbasta\u00f0ur 7 okt 2020\" src=\"https:\/\/www.youtube.com\/embed\/xlg0UhEBzdk\" width=\"1003\" height=\"564\" frameborder=\"0\" allowfullscreen=\"allowfullscreen\"><\/iframe><\/p>\n<\/div>\n<\/div>\n","protected":false},"excerpt":{"rendered":"<p>Visit the Centres of History of the Faroe Islands and its people<\/p>\n","protected":false},"featured_media":1851,"comment_status":"closed","ping_status":"closed","template":"","meta":{"site-sidebar-layout":"default","site-content-layout":"default","ast-site-content-layout":"default","site-content-style":"default","site-sidebar-style":"default","ast-global-header-display":"","ast-banner-title-visibility":"","ast-main-header-display":"","ast-hfb-above-header-display":"","ast-hfb-below-header-display":"","ast-hfb-mobile-header-display":"","site-post-title":"","ast-breadcrumbs-content":"","ast-featured-img":"","footer-sml-layout":"","theme-transparent-header-meta":"default","adv-header-id-meta":"","stick-header-meta":"","header-above-stick-meta":"","header-main-stick-meta":"","header-below-stick-meta":"","astra-migrate-meta-layouts":"set","ast-page-background-enabled":"default","ast-page-background-meta":{"desktop":{"background-color":"","background-image":"","background-repeat":"repeat","background-position":"center center","background-size":"auto","background-attachment":"scroll","background-type":"","background-media":"","overlay-type":"","overlay-color":"","overlay-opacity":"","overlay-gradient":""},"tablet":{"background-color":"","background-image":"","background-repeat":"repeat","background-position":"center center","background-size":"auto","background-attachment":"scroll","background-type":"","background-media":"","overlay-type":"","overlay-color":"","overlay-opacity":"","overlay-gradient":""},"mobile":{"background-color":"","background-image":"","background-repeat":"repeat","background-position":"center center","background-size":"auto","background-attachment":"scroll","background-type":"","background-media":"","overlay-type":"","overlay-color":"","overlay-opacity":"","overlay-gradient":""}},"ast-content-background-meta":{"desktop":{"background-color":"var(--ast-global-color-5)","background-image":"","background-repeat":"repeat","background-position":"center center","background-size":"auto","background-attachment":"scroll","background-type":"","background-media":"","overlay-type":"","overlay-color":"","overlay-opacity":"","overlay-gradient":""},"tablet":{"background-color":"var(--ast-global-color-5)","background-image":"","background-repeat":"repeat","background-position":"center center","background-size":"auto","background-attachment":"scroll","background-type":"","background-media":"","overlay-type":"","overlay-color":"","overlay-opacity":"","overlay-gradient":""},"mobile":{"background-color":"var(--ast-global-color-5)","background-image":"","background-repeat":"repeat","background-position":"center center","background-size":"auto","background-attachment":"scroll","background-type":"","background-media":"","overlay-type":"","overlay-color":"","overlay-opacity":"","overlay-gradient":""}}},"product_brand":[],"product_cat":[22],"product_tag":[],"class_list":{"0":"post-2275","1":"product","2":"type-product","3":"status-publish","4":"has-post-thumbnail","6":"product_cat-private-tour","7":"desktop-align-left","8":"tablet-align-left","9":"mobile-align-left","11":"first","12":"instock","13":"virtual","14":"sold-individually","15":"purchasable","16":"product-type-booking"},"_links":{"self":[{"href":"https:\/\/faroeway.fo\/fo-fo\/wp-json\/wp\/v2\/product\/2275","targetHints":{"allow":["GET"]}}],"collection":[{"href":"https:\/\/faroeway.fo\/fo-fo\/wp-json\/wp\/v2\/product"}],"about":[{"href":"https:\/\/faroeway.fo\/fo-fo\/wp-json\/wp\/v2\/types\/product"}],"replies":[{"embeddable":true,"href":"https:\/\/faroeway.fo\/fo-fo\/wp-json\/wp\/v2\/comments?post=2275"}],"wp:featuredmedia":[{"embeddable":true,"href":"https:\/\/faroeway.fo\/fo-fo\/wp-json\/wp\/v2\/media\/1851"}],"wp:attachment":[{"href":"https:\/\/faroeway.fo\/fo-fo\/wp-json\/wp\/v2\/media?parent=2275"}],"wp:term":[{"taxonomy":"product_brand","embeddable":true,"href":"https:\/\/faroeway.fo\/fo-fo\/wp-json\/wp\/v2\/product_brand?post=2275"},{"taxonomy":"product_cat","embeddable":true,"href":"https:\/\/faroeway.fo\/fo-fo\/wp-json\/wp\/v2\/product_cat?post=2275"},{"taxonomy":"product_tag","embeddable":true,"href":"https:\/\/faroeway.fo\/fo-fo\/wp-json\/wp\/v2\/product_tag?post=2275"}],"curies":[{"name":"wp","href":"https:\/\/api.w.org\/{rel}","templated":true}]}}