{"id":2263,"date":"2024-02-12T07:03:26","date_gmt":"2024-02-12T07:03:26","guid":{"rendered":"https:\/\/faroeway.fo\/?post_type=product&#038;p=2263"},"modified":"2024-02-25T07:59:06","modified_gmt":"2024-02-25T07:59:06","slug":"private-tour-vagar-island-highlights-gasadalur-bour-sandavagur","status":"publish","type":"product","link":"https:\/\/faroeway.fo\/fo-fo\/product\/private-tour-vagar-island-highlights-gasadalur-bour-sandavagur\/","title":{"rendered":"Private Tour &#8211; Vagar Island Highlights | G\u00e1sadalur, B\u00f8ur &#038; Sandav\u00e1gur"},"content":{"rendered":"<p>Pick-ups are at your hotel or other designated area in T\u00f3rshavn. Leaving T\u00f3rshavn vi the old Mountain Road Oyggjarvegur.<\/p>\n<p>The tour starts with a 45-minute drive to S\u00f8rv\u00e1gur. In S\u00f8rv\u00e1g we will have the chance to see the Free-Standing Rock named Tr\u00f8llkonufingur (The Trollwife&#8217;s Finger), a beautiful Protestant Church from 1917 and the staute of the Huldukvinna (Elven woman) and hear stories about all of them.<\/p>\n<p>From there you will drive through the only tunnel on the island to the distant and previously very isolated village of G\u00e1sadalur. Here we will take a walk to the most photographed waterfall in the Faroes, M\u00falafossur. From here there is often a very good view of the Westernmost island Mykines. There are good opportunities to see many seabirds here as well, including the very photgenic Puffins.<\/p>\n<p>Heading back you will pass the village B\u00f8ur, often referred to as the village in the Faroe Islands with the best view. We will take a stroll through the picturesque village and hear some history. From B\u00f8ur you will see the free-standing rocks named Dranganir and the amazing islet of Tindh\u00f3lmur.<\/p>\n<p>From B\u00f8ur we will drive past the Airport and Leitisvatn, the largest freshwater lake on the islands.<\/p>\n<p>As an optional extra, you will be able to book the hike along Leitisvatn out to the amazing promentory Tr\u00e6lan\u00edpan (Slaves Peak). This hike will take you 2 hours plus time for photos and offers some truly stunning vistas and scenery, including the famous &#8220;Waterfall by the Lake above the Ocean&#8221;.<\/p>\n<p>Those who opt out of the hike will be taken back to T\u00f3rshavn and dropped of at your hotels or other drop-off points.<\/p>\n<p>The bus will then return to pick up the hikers and drive them back home.<\/p>\n","protected":false},"excerpt":{"rendered":"<p>The breathtaking ride around the Island of V\u00e1gar<\/p>\n","protected":false},"featured_media":1875,"comment_status":"closed","ping_status":"closed","template":"","meta":{"site-sidebar-layout":"default","site-content-layout":"default","ast-site-content-layout":"default","site-content-style":"default","site-sidebar-style":"default","ast-global-header-display":"","ast-banner-title-visibility":"","ast-main-header-display":"","ast-hfb-above-header-display":"","ast-hfb-below-header-display":"","ast-hfb-mobile-header-display":"","site-post-title":"","ast-breadcrumbs-content":"","ast-featured-img":"","footer-sml-layout":"","theme-transparent-header-meta":"default","adv-header-id-meta":"","stick-header-meta":"","header-above-stick-meta":"","header-main-stick-meta":"","header-below-stick-meta":"","astra-migrate-meta-layouts":"set","ast-page-background-enabled":"default","ast-page-background-meta":{"desktop":{"background-color":"","background-image":"","background-repeat":"repeat","background-position":"center center","background-size":"auto","background-attachment":"scroll","background-type":"","background-media":"","overlay-type":"","overlay-color":"","overlay-opacity":"","overlay-gradient":""},"tablet":{"background-color":"","background-image":"","background-repeat":"repeat","background-position":"center center","background-size":"auto","background-attachment":"scroll","background-type":"","background-media":"","overlay-type":"","overlay-color":"","overlay-opacity":"","overlay-gradient":""},"mobile":{"background-color":"","background-image":"","background-repeat":"repeat","background-position":"center center","background-size":"auto","background-attachment":"scroll","background-type":"","background-media":"","overlay-type":"","overlay-color":"","overlay-opacity":"","overlay-gradient":""}},"ast-content-background-meta":{"desktop":{"background-color":"var(--ast-global-color-5)","background-image":"","background-repeat":"repeat","background-position":"center center","background-size":"auto","background-attachment":"scroll","background-type":"","background-media":"","overlay-type":"","overlay-color":"","overlay-opacity":"","overlay-gradient":""},"tablet":{"background-color":"var(--ast-global-color-5)","background-image":"","background-repeat":"repeat","background-position":"center center","background-size":"auto","background-attachment":"scroll","background-type":"","background-media":"","overlay-type":"","overlay-color":"","overlay-opacity":"","overlay-gradient":""},"mobile":{"background-color":"var(--ast-global-color-5)","background-image":"","background-repeat":"repeat","background-position":"center center","background-size":"auto","background-attachment":"scroll","background-type":"","background-media":"","overlay-type":"","overlay-color":"","overlay-opacity":"","overlay-gradient":""}}},"product_brand":[],"product_cat":[22],"product_tag":[],"class_list":{"0":"post-2263","1":"product","2":"type-product","3":"status-publish","4":"has-post-thumbnail","6":"product_cat-private-tour","7":"desktop-align-left","8":"tablet-align-left","9":"mobile-align-left","11":"first","12":"instock","13":"virtual","14":"sold-individually","15":"purchasable","16":"product-type-booking"},"_links":{"self":[{"href":"https:\/\/faroeway.fo\/fo-fo\/wp-json\/wp\/v2\/product\/2263","targetHints":{"allow":["GET"]}}],"collection":[{"href":"https:\/\/faroeway.fo\/fo-fo\/wp-json\/wp\/v2\/product"}],"about":[{"href":"https:\/\/faroeway.fo\/fo-fo\/wp-json\/wp\/v2\/types\/product"}],"replies":[{"embeddable":true,"href":"https:\/\/faroeway.fo\/fo-fo\/wp-json\/wp\/v2\/comments?post=2263"}],"wp:featuredmedia":[{"embeddable":true,"href":"https:\/\/faroeway.fo\/fo-fo\/wp-json\/wp\/v2\/media\/1875"}],"wp:attachment":[{"href":"https:\/\/faroeway.fo\/fo-fo\/wp-json\/wp\/v2\/media?parent=2263"}],"wp:term":[{"taxonomy":"product_brand","embeddable":true,"href":"https:\/\/faroeway.fo\/fo-fo\/wp-json\/wp\/v2\/product_brand?post=2263"},{"taxonomy":"product_cat","embeddable":true,"href":"https:\/\/faroeway.fo\/fo-fo\/wp-json\/wp\/v2\/product_cat?post=2263"},{"taxonomy":"product_tag","embeddable":true,"href":"https:\/\/faroeway.fo\/fo-fo\/wp-json\/wp\/v2\/product_tag?post=2263"}],"curies":[{"name":"wp","href":"https:\/\/api.w.org\/{rel}","templated":true}]}}