{"id":2249,"date":"2024-02-07T05:58:29","date_gmt":"2024-02-07T05:58:29","guid":{"rendered":"https:\/\/faroeway.fo\/?post_type=product&#038;p=2249"},"modified":"2026-03-10T12:45:08","modified_gmt":"2026-03-10T12:45:08","slug":"kalsoy-island-classic-northern-isles","status":"publish","type":"product","link":"https:\/\/faroeway.fo\/fo-fo\/product\/kalsoy-island-classic-northern-isles\/","title":{"rendered":"Fridays &#8211; Kalsoy Island Classic | Northern Isles"},"content":{"rendered":"<div data-contents=\"true\">\n<div class=\"\" data-block=\"true\" data-editor=\"c10cc\" data-offset-key=\"1aein-0-0\"><\/div>\n<div class=\"\" data-block=\"true\" data-editor=\"c10cc\" data-offset-key=\"80rs0-0-0\">\n<div class=\"public-DraftStyleDefault-block public-DraftStyleDefault-ltr\" data-offset-key=\"80rs0-0-0\">\n<p>A whole day&#8217;s guided Small Group Tour (1-18 passengers) visiting the islands of Eysturoy, Bor\u00f0oy, Kalsoy, and Vi\u00f0oy. Relax while the local tour guide points out all the most beautiful views along the tour and the many Photostops en route.<\/p>\n<p>Sail on a small ferry (Tickets are included) to the beautiful Kalsoy island, where we will visit Tr\u00f8llanes, Mikladalur, H\u00fasar, and Sy\u00f0radalur.<\/p>\n<p>In Tr\u00f8llanes you can take the OPTIONAL EXTRA guided hike to Kallur Lighthouse and the famous James Bond Memorial.<br \/>\nHere you can also visit the tiny kiosk and visit the OPTIONAL VIP Viewpoint of the Puffins and other sea birds nesting nearby.<br \/>\nThose doing the hike will have the OPTION to visit the VIP Viewpoint of the Puffins near the Argh\u00fas Cabin on their return.<\/p>\n<p>There is also the OPTIONAL EXTRA to stay in the village rather than do the hike and relax in the Argh\u00fas Cabin, right in the local Puffin colony. Enjoy a relaxing moment with Coffee and waffles (included in the OPTIONAL price) while enjoying the Puffins right outside the window.<br \/>\nPlease note: There is Limited Access to the local Puffin Colony. Only available through our tours!<\/p>\n<p>From Tr\u00f8llanes you will visit the gorgeous Dj\u00fapadalur secret valley before coming to Mikladalur.<\/p>\n<p>The next stop, Mikladalur, is the home of the famous Seal Woman statue.<\/p>\n<p>On the way back to the Ferry you will stop in Sy\u00f0radalur which offers a beautiful Memorial to locals who have died at sea and a beautiful short walk down through the village to the Ferry.<\/p>\n<p>After arriving back in Klaksv\u00edk you will be driven further north to the island of Vi\u00f0oy and the most northern village in the Faroes, Vi\u00f0arei\u00f0i. There you will get to see many sights and take many pictures of the beautiful landscape and surrounding islands.<\/p>\n<p>After Vi\u00f0arei\u00f0i you will be taken back to T\u00f3rshavn and dropped off at your hotel or other designated location.<\/p>\n<p>This is sure to be a day you will not forget anytime soon. Please note that all OPTIONAL EXTRAS are to be booked along with this tour or pay on-site!<\/p>\n<p>DISCLAIMER: The Puffins are a true Seabird and only come on land during mating season, therefore you will only have a good chance to see Puffins between early May and mid-August.<\/p>\n<\/div>\n<div data-offset-key=\"80rs0-0-0\"><\/div>\n<\/div>\n<\/div>\n<h3>What&#8217;s included?<\/h3>\n<ul>\n<li>Meal &amp; Beverages<\/li>\n<li>Ferry Tickets<\/li>\n<li>Sub-Sea Tunnel Fee\u00b4s<\/li>\n<li>WiFi<\/li>\n<li>Hiking to the Kallur Lighthouse\/James Bond Memorial<\/li>\n<li><span data-offset-key=\"9pfol-0-4\">Entrance to Argh\u00fas Cabin, in the local Puffin colony<\/span><\/li>\n<li><span data-offset-key=\"9pfol-0-4\">VIP Viewpoint of the Puffins, in the local Puffin colony<\/span><\/li>\n<\/ul>\n<div class=\"sc-dLnvEp dFrLlR\"><\/div>\n<h3>Please note<\/h3>\n<ul>\n<li>Dress code: We advise our customers to dress warm and bring waterproof clothing. Good outdoor hiking footwear is always advised.<\/li>\n<li>The hike to Kallurin can be challenging.<\/li>\n<li>This tour is subject to change depending on the weather and providers.<\/li>\n<\/ul>\n<h3>Cancellation policy<\/h3>\n<ul>\n<li>We will charge a cancellation fee of 100% if the booking is canceled 1 day or less before\u00a0 the event<\/li>\n<li>We will charge a cancellation fee of 0% if the booking is canceled more than 1 day before the event<\/li>\n<\/ul>\n<div class=\"ast-oembed-container \" style=\"height: 100%;\"><iframe title=\"Faroe Islands - James Bond Island\" width=\"500\" height=\"281\" src=\"https:\/\/www.youtube.com\/embed\/rt7CiS5i4HI?feature=oembed\" frameborder=\"0\" allow=\"accelerometer; autoplay; clipboard-write; encrypted-media; gyroscope; picture-in-picture; web-share\" referrerpolicy=\"strict-origin-when-cross-origin\" allowfullscreen><\/iframe><\/div>\n","protected":false},"excerpt":{"rendered":"<div class=\"sc-dcrKPa brbJBC ProductPageTitleWrapper\">\n<div data-testid=\"excerpt\">Enjoy the Highlights of the Northern part of the Faroe Islands on this Small Group Tour (1-18 passengers)<\/div>\n<\/div>\n","protected":false},"featured_media":2083,"comment_status":"open","ping_status":"closed","template":"","meta":{"site-sidebar-layout":"default","site-content-layout":"","ast-site-content-layout":"default","site-content-style":"default","site-sidebar-style":"default","ast-global-header-display":"","ast-banner-title-visibility":"","ast-main-header-display":"","ast-hfb-above-header-display":"","ast-hfb-below-header-display":"","ast-hfb-mobile-header-display":"","site-post-title":"","ast-breadcrumbs-content":"","ast-featured-img":"","footer-sml-layout":"","theme-transparent-header-meta":"default","adv-header-id-meta":"","stick-header-meta":"","header-above-stick-meta":"","header-main-stick-meta":"","header-below-stick-meta":"","astra-migrate-meta-layouts":"set","ast-page-background-enabled":"default","ast-page-background-meta":{"desktop":{"background-color":"","background-image":"","background-repeat":"repeat","background-position":"center center","background-size":"auto","background-attachment":"scroll","background-type":"","background-media":"","overlay-type":"","overlay-color":"","overlay-opacity":"","overlay-gradient":""},"tablet":{"background-color":"","background-image":"","background-repeat":"repeat","background-position":"center center","background-size":"auto","background-attachment":"scroll","background-type":"","background-media":"","overlay-type":"","overlay-color":"","overlay-opacity":"","overlay-gradient":""},"mobile":{"background-color":"","background-image":"","background-repeat":"repeat","background-position":"center center","background-size":"auto","background-attachment":"scroll","background-type":"","background-media":"","overlay-type":"","overlay-color":"","overlay-opacity":"","overlay-gradient":""}},"ast-content-background-meta":{"desktop":{"background-color":"var(--ast-global-color-5)","background-image":"","background-repeat":"repeat","background-position":"center center","background-size":"auto","background-attachment":"scroll","background-type":"","background-media":"","overlay-type":"","overlay-color":"","overlay-opacity":"","overlay-gradient":""},"tablet":{"background-color":"var(--ast-global-color-5)","background-image":"","background-repeat":"repeat","background-position":"center center","background-size":"auto","background-attachment":"scroll","background-type":"","background-media":"","overlay-type":"","overlay-color":"","overlay-opacity":"","overlay-gradient":""},"mobile":{"background-color":"var(--ast-global-color-5)","background-image":"","background-repeat":"repeat","background-position":"center center","background-size":"auto","background-attachment":"scroll","background-type":"","background-media":"","overlay-type":"","overlay-color":"","overlay-opacity":"","overlay-gradient":""}}},"product_brand":[],"product_cat":[21],"product_tag":[],"class_list":{"0":"post-2249","1":"product","2":"type-product","3":"status-publish","4":"has-post-thumbnail","6":"product_cat-day-trips-and-excursions","7":"desktop-align-left","8":"tablet-align-left","9":"mobile-align-left","11":"first","12":"instock","13":"virtual","14":"sold-individually","15":"purchasable","16":"product-type-booking"},"_links":{"self":[{"href":"https:\/\/faroeway.fo\/fo-fo\/wp-json\/wp\/v2\/product\/2249","targetHints":{"allow":["GET"]}}],"collection":[{"href":"https:\/\/faroeway.fo\/fo-fo\/wp-json\/wp\/v2\/product"}],"about":[{"href":"https:\/\/faroeway.fo\/fo-fo\/wp-json\/wp\/v2\/types\/product"}],"replies":[{"embeddable":true,"href":"https:\/\/faroeway.fo\/fo-fo\/wp-json\/wp\/v2\/comments?post=2249"}],"wp:featuredmedia":[{"embeddable":true,"href":"https:\/\/faroeway.fo\/fo-fo\/wp-json\/wp\/v2\/media\/2083"}],"wp:attachment":[{"href":"https:\/\/faroeway.fo\/fo-fo\/wp-json\/wp\/v2\/media?parent=2249"}],"wp:term":[{"taxonomy":"product_brand","embeddable":true,"href":"https:\/\/faroeway.fo\/fo-fo\/wp-json\/wp\/v2\/product_brand?post=2249"},{"taxonomy":"product_cat","embeddable":true,"href":"https:\/\/faroeway.fo\/fo-fo\/wp-json\/wp\/v2\/product_cat?post=2249"},{"taxonomy":"product_tag","embeddable":true,"href":"https:\/\/faroeway.fo\/fo-fo\/wp-json\/wp\/v2\/product_tag?post=2249"}],"curies":[{"name":"wp","href":"https:\/\/api.w.org\/{rel}","templated":true}]}}