{"id":1860,"date":"2023-04-02T09:09:53","date_gmt":"2023-04-02T09:09:53","guid":{"rendered":"https:\/\/faroeway.fo\/?post_type=product&#038;p=1860"},"modified":"2024-02-12T07:17:35","modified_gmt":"2024-02-12T07:17:35","slug":"6-days-package-faroe-islands-full-experience","status":"publish","type":"product","link":"https:\/\/faroeway.fo\/fo-fo\/product\/6-days-package-faroe-islands-full-experience\/","title":{"rendered":"Private Tour &#8211; 6 Days Package | Faroe Islands Full Experience"},"content":{"rendered":"<div class=\"sc-eZPMgf dgwATl DescriptionTitle\" data-testid=\"description\">\n<div class=\"sc-eZPMgf dgwATl DescriptionTitle\" data-testid=\"description\">\n<div class=\"sc-EoWXQ bVOmbF ProductPageTitleWrapper\">\n<div class=\"sc-bRwMUK gVJcEC ProductPageExcerpt\" data-testid=\"excerpt\">A full experience of the Wonderful Faroe Islands<\/div>\n<\/div>\n<div class=\"sc-cTZEgG iAXLng\">\n<div class=\"sc-iZXbBP gbXreC\" data-tabs=\"true\">\n<div id=\"react-tabs-45\" class=\"sc-cduAxm cCAQAH selected\" role=\"tabpanel\" aria-labelledby=\"react-tabs-44\">\n<div class=\"sc-iaZRkb sc-kSRYMe bPMJOw jeNsU ProductPageDescription\">\n<div class=\"sc-eZPMgf dgwATl DescriptionTitle\" data-testid=\"description\">\n<p>Day 1 Monday &#8211; Join us to the historic Tj\u00f8rnuv\u00edk and the highest waterfall in the Faroes, the stunning Saksun Valley and Lagoon and on the Boat Trip to the Vestmanna Bird Cliffs.<\/p>\n<p>Day 2 Tuesday &#8211; Visit Eysturoy with us. Strendur,Ei\u00f0i, the Giant and the Hag, the scenic Gj\u00f3gv, Elduv\u00edk, the southern tip of Eysturoy, a farmers sheephouse, the largest yarn and knitting shop in the Faroes and back through the famous tunnel with the roundabout under the ocean.<\/p>\n<p>Day 3 Wednesday &#8211; Vagar Photo Tour. Drive the old Mountain Road out of T\u00f3rshavn, see Sandav\u00e1gur village and the free standing rockface Tr\u00f8llkonufingur, See the incredible waterfall M\u00falafossur in G\u00e1sadal, walk through the beautiful village B\u00f8ur and maybe the optional Hike to Tr\u00e6lan\u00edpan, the Lake above the Ocean.<\/p>\n<p>Day 4 Thursday &#8211; Take the ferry to Su\u00f0uroy, the southernmost island in the Faroes. Enjoy a full day seeing gorgeous scenery, hear amazing stories and enjoy the views from the ferry on the way back.<\/p>\n<p>Day 5 Friday &#8211; Visit the Northern Islands and Kalsoy. Drive from Streymoy to Eysturoy and from there to Bor\u00f0oy and the ferry. Visit Kalsoy with the Seal Woman, the optional hike to Kallur Lighthouse, the James Bond Memorial and beautiful mountains. Stop in G\u00f8ta, before heading back to T\u00f3rshavn.<\/p>\n<p>Day 6 Saturday &#8211; Join the Saga Tour to Sandoy, the 19th Century Church there, an old village, beautiful scenery and visit Kirkjub\u00f8ur, the old main seat of the Catholic Church in the islands. Visit 2 old churches and the oldest still-inhabited wooden house in Europe. Maybe you will opt for the hike back to T\u00f3rshavn instead of the bus.<\/p>\n<\/div>\n<div class=\"sc-hlybe czyole Row\">\n<div class=\"sc-gFKxFI fWGIpE Inclusions\" data-testid=\"inclusions\">\n<h3 class=\"sc-iFIZfL gJOePp\">What&#8217;s included?<\/h3>\n<div class=\"sc-eXpgrI gxjVUB\">\n<ul>\n<li>Entry or admission fee<\/li>\n<li>National park entrance fee<\/li>\n<li>Food &amp; drinks<\/li>\n<li>WiFi<\/li>\n<li>Bus fare<\/li>\n<\/ul>\n<\/div>\n<\/div>\n<div class=\"sc-gFKxFI fWGIpE Exclusions\" data-testid=\"exclusions\">\n<h3 class=\"sc-iFIZfL gJOePp\">Exclusions<\/h3>\n<div class=\"sc-eXpgrI gxjVUB\">\n<ul>\n<li>Tip or gratuity<\/li>\n<\/ul>\n<\/div>\n<\/div>\n<\/div>\n<div class=\"sc-kyhYQx crXnHj Attention\" data-testid=\"attention\">\n<h2 class=\"sc-dDGttY ihUPA AttentionTitle\">Please note<\/h2>\n<div class=\"sc-eZPMgf dgwATl\">\n<p>Hiking to Kallurin can be challenging<\/p>\n<\/div>\n<\/div>\n<div class=\"CancellationPolicy\" data-testid=\"cancellation-policy\">\n<h2 class=\"sc-dDGttY ihUPA\">Cancellation policy<\/h2>\n<div class=\"sc-eZPMgf dgwATl\">\n<ul>\n<li>We will charge a cancellation fee of 100% if booking is cancelled 1 day or less before the event<\/li>\n<li>We will charge a cancellation fee of 0% if booking is cancelled 1000 days or less before the event<\/li>\n<\/ul>\n<\/div>\n<\/div>\n<\/div>\n<\/div>\n<\/div>\n<\/div>\n<\/div>\n<\/div>\n","protected":false},"excerpt":{"rendered":"<p>A full experience of the Wonderful Faroe Islands<\/p>\n","protected":false},"featured_media":2021,"comment_status":"closed","ping_status":"closed","template":"","meta":{"site-sidebar-layout":"default","site-content-layout":"default","ast-site-content-layout":"default","site-content-style":"default","site-sidebar-style":"default","ast-global-header-display":"","ast-banner-title-visibility":"","ast-main-header-display":"","ast-hfb-above-header-display":"","ast-hfb-below-header-display":"","ast-hfb-mobile-header-display":"","site-post-title":"","ast-breadcrumbs-content":"","ast-featured-img":"","footer-sml-layout":"","theme-transparent-header-meta":"default","adv-header-id-meta":"","stick-header-meta":"","header-above-stick-meta":"","header-main-stick-meta":"","header-below-stick-meta":"","astra-migrate-meta-layouts":"set","ast-page-background-enabled":"default","ast-page-background-meta":{"desktop":{"background-color":"","background-image":"","background-repeat":"repeat","background-position":"center center","background-size":"auto","background-attachment":"scroll","background-type":"","background-media":"","overlay-type":"","overlay-color":"","overlay-opacity":"","overlay-gradient":""},"tablet":{"background-color":"","background-image":"","background-repeat":"repeat","background-position":"center center","background-size":"auto","background-attachment":"scroll","background-type":"","background-media":"","overlay-type":"","overlay-color":"","overlay-opacity":"","overlay-gradient":""},"mobile":{"background-color":"","background-image":"","background-repeat":"repeat","background-position":"center center","background-size":"auto","background-attachment":"scroll","background-type":"","background-media":"","overlay-type":"","overlay-color":"","overlay-opacity":"","overlay-gradient":""}},"ast-content-background-meta":{"desktop":{"background-color":"var(--ast-global-color-5)","background-image":"","background-repeat":"repeat","background-position":"center center","background-size":"auto","background-attachment":"scroll","background-type":"","background-media":"","overlay-type":"","overlay-color":"","overlay-opacity":"","overlay-gradient":""},"tablet":{"background-color":"var(--ast-global-color-5)","background-image":"","background-repeat":"repeat","background-position":"center center","background-size":"auto","background-attachment":"scroll","background-type":"","background-media":"","overlay-type":"","overlay-color":"","overlay-opacity":"","overlay-gradient":""},"mobile":{"background-color":"var(--ast-global-color-5)","background-image":"","background-repeat":"repeat","background-position":"center center","background-size":"auto","background-attachment":"scroll","background-type":"","background-media":"","overlay-type":"","overlay-color":"","overlay-opacity":"","overlay-gradient":""}}},"product_brand":[],"product_cat":[22],"product_tag":[],"class_list":{"0":"post-1860","1":"product","2":"type-product","3":"status-publish","4":"has-post-thumbnail","6":"product_cat-private-tour","7":"desktop-align-left","8":"tablet-align-left","9":"mobile-align-left","11":"first","12":"instock","13":"virtual","14":"sold-individually","15":"purchasable","16":"product-type-booking"},"_links":{"self":[{"href":"https:\/\/faroeway.fo\/fo-fo\/wp-json\/wp\/v2\/product\/1860","targetHints":{"allow":["GET"]}}],"collection":[{"href":"https:\/\/faroeway.fo\/fo-fo\/wp-json\/wp\/v2\/product"}],"about":[{"href":"https:\/\/faroeway.fo\/fo-fo\/wp-json\/wp\/v2\/types\/product"}],"replies":[{"embeddable":true,"href":"https:\/\/faroeway.fo\/fo-fo\/wp-json\/wp\/v2\/comments?post=1860"}],"wp:featuredmedia":[{"embeddable":true,"href":"https:\/\/faroeway.fo\/fo-fo\/wp-json\/wp\/v2\/media\/2021"}],"wp:attachment":[{"href":"https:\/\/faroeway.fo\/fo-fo\/wp-json\/wp\/v2\/media?parent=1860"}],"wp:term":[{"taxonomy":"product_brand","embeddable":true,"href":"https:\/\/faroeway.fo\/fo-fo\/wp-json\/wp\/v2\/product_brand?post=1860"},{"taxonomy":"product_cat","embeddable":true,"href":"https:\/\/faroeway.fo\/fo-fo\/wp-json\/wp\/v2\/product_cat?post=1860"},{"taxonomy":"product_tag","embeddable":true,"href":"https:\/\/faroeway.fo\/fo-fo\/wp-json\/wp\/v2\/product_tag?post=1860"}],"curies":[{"name":"wp","href":"https:\/\/api.w.org\/{rel}","templated":true}]}}