{"id":1820,"date":"2023-03-30T19:21:37","date_gmt":"2023-03-30T19:21:37","guid":{"rendered":"https:\/\/faroeway.fo\/?post_type=product&#038;p=1820"},"modified":"2025-07-07T19:50:26","modified_gmt":"2025-07-07T19:50:26","slug":"vagar-island-highlights-gasadalur-bour-sandavagur","status":"publish","type":"product","link":"https:\/\/faroeway.fo\/fo-fo\/product\/vagar-island-highlights-gasadalur-bour-sandavagur\/","title":{"rendered":"Wednesdays &#8211; Vagar Island Highlights | G\u00e1sadalur, B\u00f8ur &amp; Sandav\u00e1gur"},"content":{"rendered":"<div data-contents=\"true\">\n<div data-contents=\"true\">\n<div data-contents=\"true\">\n<div class=\"\" data-block=\"true\" data-editor=\"7ssrh\" data-offset-key=\"a9902-0-0\"><\/div>\n<div class=\"\" data-block=\"true\" data-editor=\"7ssrh\" data-offset-key=\"d0dfa-0-0\">\n<div class=\"public-DraftStyleDefault-block public-DraftStyleDefault-ltr\" data-offset-key=\"d0dfa-0-0\">\n<p>On this Small Group Tour (1-18 passengers), you will drive out of T\u00f3rshavn and stop at Viewpoint T\u00f3rshavn for pictures of the city from above.<\/p>\n<p>After that, you will drive to the Nor\u00f0adalsskar\u00f0 viewpoint and enjoy the magnificent view of Nor\u00f0adalur, Koltur Island, and the Tr\u00f8llh\u00f8vdi\u00f0 islet. From there you will stop at the Mj\u00f8rkadalur viewpoint and enjoy a great view of Kaldbaksfj\u00f8r\u00f0ur. After a short drive you will then stop at the Kollafj\u00f8r\u00f0ur viewpoint, before stopping at the EFFO station for a complimentary coffee, tea, or hot chocolate, before driving through the V\u00e1gatunnil Sub-Sea Tunnel, the first one to open in the Faroe Islands.<\/p>\n<p>From Kollafj\u00f8r\u00f0 you will drive to Sandav\u00e1gur to visit the beautiful Church and its neighbouring Statue of the Hulduwoman. These are the dominant features of photography.<\/p>\n<p>After this, you will drive straight across the island to G\u00e1sadalur, the remote village with the most photographed Waterfall in the Faroes, M\u00falafossur. Here you will get to enjoy our delicious homemade Lunchpack.<\/p>\n<p>After enjoying the beautiful and serene surroundings of G\u00e1sadalur and its view of Mykines Island, you will drive to B\u00f8ur, probably the most picturesque village in the Country. A brief stop en route to take pictures of the amazing Tindh\u00f3lmur islet with its many peaks. Enjoy a walk through the village and its many beautiful views.<\/p>\n<p>From B\u00f8ur we will drive to the Leitisvatn\/S\u00f8rv\u00e1gsvatn viewpoint. Close by is the unique Nykurin (the Nix) statue with its story engraved on a plaque on the shore.<\/p>\n<p>After Leitisvatn you will be driven to Mi\u00f0v\u00e1gur, from where the OPTIONAL EXTRA hike to Tr\u00e6lan\u00edpan (the Slave Cliff) starts. This easy-to-moderate hike of the app. 3 hours will take you to the incredible viewpoints of Tr\u00e6lan\u00edpan, the B\u00f8sdalafossur waterfall, and the \u201cLake above the Ocean\u201d.<\/p>\n<p>From there the bus will take you back to T\u00f3rshavn and drop you off at your hotel or other drop-off point.<\/p>\n<\/div>\n<\/div>\n<\/div>\n<\/div>\n<\/div>\n<div class=\"sc-fzHij bkROnj Row\">\n<div class=\"sc-gEXpur grDnhE Inclusions\" data-testid=\"inclusions\">\n<h3 class=\"sc-hCxPwq lgUAKG\">What&#8217;s included?<\/h3>\n<div class=\"sc-dLnvEp dFrLlR\">\n<ul>\n<li>Sub-Sea Tunnel Fee\u00b4s<\/li>\n<li>Meal &amp; Beverages<\/li>\n<li>WiFi<\/li>\n<\/ul>\n<\/div>\n<\/div>\n<div class=\"sc-gEXpur grDnhE Exclusions\" data-testid=\"exclusions\">\n<h3 class=\"sc-hCxPwq lgUAKG\">Exclusions<\/h3>\n<div class=\"sc-dLnvEp dFrLlR\">\n<ul>\n<li>Guided Hiking fee to the Tr\u00e6lan\u00edpan (Slaves Peak) is an optional extra<\/li>\n<\/ul>\n<\/div>\n<\/div>\n<\/div>\n<div class=\"sc-jvVxOG jjXNeD Attention\" data-testid=\"attention\">\n<h2 class=\"sc-crEIGF kkpcIK AttentionTitle\">Please note<\/h2>\n<ul class=\"KnowBeforeYouGoItems\">\n<li>Dress code: We advise our customers to dress warm and bring waterproof clothing. Good outdoor hiking footwear is always advised.<\/li>\n<li>This tour is subject to change depending on the weather and providers.<\/li>\n<\/ul>\n<\/div>\n<div class=\"CancellationPolicy\" data-testid=\"cancellation-policy\">\n<h2 class=\"sc-crEIGF kkpcIK\">Cancellation policy<\/h2>\n<div class=\"sc-bbBEzO evCPLk\">\n<ul>\n<li style=\"list-style-type: none\">\n<ul class=\"has-normal-font-size\">\n<li>We will charge a cancellation fee of 100% if the booking is canceled 1 day or less before\u00a0 the event<\/li>\n<li>We will charge a cancellation fee of 0% if the booking is canceled more than 1 day before the event<\/li>\n<\/ul>\n<\/li>\n<\/ul>\n<\/div>\n<\/div>\n","protected":false},"excerpt":{"rendered":"<p>The breathtaking ride around the Island of V\u00e1gar on this Small Group Tour (1-18 Guests)<\/p>\n","protected":false},"featured_media":1875,"comment_status":"closed","ping_status":"closed","template":"","meta":{"site-sidebar-layout":"default","site-content-layout":"default","ast-site-content-layout":"default","site-content-style":"default","site-sidebar-style":"default","ast-global-header-display":"","ast-banner-title-visibility":"","ast-main-header-display":"","ast-hfb-above-header-display":"","ast-hfb-below-header-display":"","ast-hfb-mobile-header-display":"","site-post-title":"","ast-breadcrumbs-content":"","ast-featured-img":"","footer-sml-layout":"","theme-transparent-header-meta":"default","adv-header-id-meta":"","stick-header-meta":"","header-above-stick-meta":"","header-main-stick-meta":"","header-below-stick-meta":"","astra-migrate-meta-layouts":"set","ast-page-background-enabled":"default","ast-page-background-meta":{"desktop":{"background-color":"","background-image":"","background-repeat":"repeat","background-position":"center center","background-size":"auto","background-attachment":"scroll","background-type":"","background-media":"","overlay-type":"","overlay-color":"","overlay-opacity":"","overlay-gradient":""},"tablet":{"background-color":"","background-image":"","background-repeat":"repeat","background-position":"center center","background-size":"auto","background-attachment":"scroll","background-type":"","background-media":"","overlay-type":"","overlay-color":"","overlay-opacity":"","overlay-gradient":""},"mobile":{"background-color":"","background-image":"","background-repeat":"repeat","background-position":"center center","background-size":"auto","background-attachment":"scroll","background-type":"","background-media":"","overlay-type":"","overlay-color":"","overlay-opacity":"","overlay-gradient":""}},"ast-content-background-meta":{"desktop":{"background-color":"var(--ast-global-color-5)","background-image":"","background-repeat":"repeat","background-position":"center center","background-size":"auto","background-attachment":"scroll","background-type":"","background-media":"","overlay-type":"","overlay-color":"","overlay-opacity":"","overlay-gradient":""},"tablet":{"background-color":"var(--ast-global-color-5)","background-image":"","background-repeat":"repeat","background-position":"center center","background-size":"auto","background-attachment":"scroll","background-type":"","background-media":"","overlay-type":"","overlay-color":"","overlay-opacity":"","overlay-gradient":""},"mobile":{"background-color":"var(--ast-global-color-5)","background-image":"","background-repeat":"repeat","background-position":"center center","background-size":"auto","background-attachment":"scroll","background-type":"","background-media":"","overlay-type":"","overlay-color":"","overlay-opacity":"","overlay-gradient":""}}},"product_brand":[],"product_cat":[21],"product_tag":[],"class_list":{"0":"post-1820","1":"product","2":"type-product","3":"status-publish","4":"has-post-thumbnail","6":"product_cat-day-trips-and-excursions","7":"desktop-align-left","8":"tablet-align-left","9":"mobile-align-left","11":"first","12":"instock","13":"virtual","14":"sold-individually","15":"purchasable","16":"product-type-booking"},"_links":{"self":[{"href":"https:\/\/faroeway.fo\/fo-fo\/wp-json\/wp\/v2\/product\/1820","targetHints":{"allow":["GET"]}}],"collection":[{"href":"https:\/\/faroeway.fo\/fo-fo\/wp-json\/wp\/v2\/product"}],"about":[{"href":"https:\/\/faroeway.fo\/fo-fo\/wp-json\/wp\/v2\/types\/product"}],"replies":[{"embeddable":true,"href":"https:\/\/faroeway.fo\/fo-fo\/wp-json\/wp\/v2\/comments?post=1820"}],"wp:featuredmedia":[{"embeddable":true,"href":"https:\/\/faroeway.fo\/fo-fo\/wp-json\/wp\/v2\/media\/1875"}],"wp:attachment":[{"href":"https:\/\/faroeway.fo\/fo-fo\/wp-json\/wp\/v2\/media?parent=1820"}],"wp:term":[{"taxonomy":"product_brand","embeddable":true,"href":"https:\/\/faroeway.fo\/fo-fo\/wp-json\/wp\/v2\/product_brand?post=1820"},{"taxonomy":"product_cat","embeddable":true,"href":"https:\/\/faroeway.fo\/fo-fo\/wp-json\/wp\/v2\/product_cat?post=1820"},{"taxonomy":"product_tag","embeddable":true,"href":"https:\/\/faroeway.fo\/fo-fo\/wp-json\/wp\/v2\/product_tag?post=1820"}],"curies":[{"name":"wp","href":"https:\/\/api.w.org\/{rel}","templated":true}]}}