{"id":1815,"date":"2023-03-29T13:29:17","date_gmt":"2023-03-29T13:29:17","guid":{"rendered":"https:\/\/faroeway.fo\/?post_type=product&#038;p=1815"},"modified":"2025-07-07T19:49:45","modified_gmt":"2025-07-07T19:49:45","slug":"golden-circle-pt-2-gjogv-elduvik-gota-toftir-beautiful-eysturoy","status":"publish","type":"product","link":"https:\/\/faroeway.fo\/fo-fo\/product\/golden-circle-pt-2-gjogv-elduvik-gota-toftir-beautiful-eysturoy\/","title":{"rendered":"Tuesdays &#8211; Beautiful Eysturoy | Golden Circle pt.2"},"content":{"rendered":"<div class=\"sc-eZPMgf dgwATl DescriptionTitle\" data-testid=\"description\">\n<p>This days Small Group Tour (1-18 passengers) begins at the prearranged hotels in T\u00f3rshavn and from there to Eysturoy via the only Sub-Sea Tunnel in the World that has a Roundabout underneath the Ocean.<\/p>\n<p>On Eysturoy we exit the tunnel at Strendur and drive via the Western arm of Sk\u00e1lafj\u00f8r\u00f0ur, the longest fjord in the Faroe Islands. The first stop on the tour is at the village Elduv\u00edk, where you will see wonderful nature and hear interesting stories.<\/p>\n<p>From Elduv\u00edk the tour goes via Funningsfjord, past the village of Funningur, where the Sagas say early Norse settlers arrived and built their home around the year 800AD. From there you will drive down to the village Gj\u00f3gv, where you will walk around the beautiful Gorge, hear stories and see the Church and memorial site there.<\/p>\n<p>From Gj\u00f3gv you will drive under the highest Mountain in the Faroes, Sl\u00e6ttaratindur (882 Metres\/2.894 feet) and stop at the Viewpoint Risin &amp; Kellingin (the Giant and the Witch). These 2 free-standing Cliffs are said to be 2 Giants that wanted to pull the Faroes over to Iceland.<\/p>\n<p>The next stop is at Caf\u00e9 Rose in Lj\u00f3s\u00e1ir, where you will have some good lunch and rest a bit.<\/p>\n<p>After lunch you will drive through the mountain and the opposite side of Sk\u00e1lafj\u00f8r\u00f0ur to the southernmost point of Eysturoy, where there is a wonderful view over to T\u00f3rshavn and the East side of N\u00f3loy.<\/p>\n<p>From there it is a short drive to a local Wool shop Navia, where you will have an opportunity to purchase some Faroese knitwear and yarn before heading back to T\u00f3rshavn through the tunnel again.<\/p>\n<p>Drop offs are at your hotels again.<\/p>\n<\/div>\n<div class=\"sc-hlybe czyole Row\">\n<div class=\"sc-gFKxFI fWGIpE Inclusions\" data-testid=\"inclusions\">\n<div class=\"sc-fzHij bkROnj Row\">\n<div class=\"sc-gEXpur grDnhE Inclusions\" data-testid=\"inclusions\">\n<h3 class=\"sc-hCxPwq lgUAKG\">What&#8217;s included?<\/h3>\n<div class=\"sc-dLnvEp dFrLlR\">\n<ul>\n<li>Sub-Sea Tunnel Fees<\/li>\n<li>Meal &amp; Beverages<\/li>\n<li>Entry &amp; admission fees<\/li>\n<li>WiFi<\/li>\n<\/ul>\n<\/div>\n<\/div>\n<\/div>\n<div class=\"sc-jvVxOG jjXNeD Attention\" data-testid=\"attention\">\n<h2 class=\"sc-crEIGF kkpcIK AttentionTitle\">Please note<\/h2>\n<ul class=\"KnowBeforeYouGoItems\">\n<li>Dress code: We advise our customers to dress warm and bring waterproof clothing. Good outdoor hiking footwear is always advised.<\/li>\n<li>This tour is subject to change depending on the weather and providers.<\/li>\n<\/ul>\n<\/div>\n<div class=\"sc-jvVxOG jjXNeD Requirements\" data-testid=\"requirements\">\n<h3 class=\"sc-hCxPwq lgUAKG\">What do I need to bring?<\/h3>\n<div class=\"sc-dLnvEp dFrLlR\">\n<p>We advise our customers to dress warm and bring waterproof clothing. Good outdoor hiking footwear is always advised.<\/p>\n<\/div>\n<\/div>\n<\/div>\n<\/div>\n","protected":false},"excerpt":{"rendered":"<p>Visit the beautiful scenic sites on Eysturoy on this Small Group Tour (1-18 Guests)<\/p>\n","protected":false},"featured_media":1819,"comment_status":"closed","ping_status":"closed","template":"","meta":{"site-sidebar-layout":"default","site-content-layout":"default","ast-site-content-layout":"default","site-content-style":"default","site-sidebar-style":"default","ast-global-header-display":"","ast-banner-title-visibility":"","ast-main-header-display":"","ast-hfb-above-header-display":"","ast-hfb-below-header-display":"","ast-hfb-mobile-header-display":"","site-post-title":"","ast-breadcrumbs-content":"","ast-featured-img":"","footer-sml-layout":"","theme-transparent-header-meta":"default","adv-header-id-meta":"","stick-header-meta":"","header-above-stick-meta":"","header-main-stick-meta":"","header-below-stick-meta":"","astra-migrate-meta-layouts":"set","ast-page-background-enabled":"default","ast-page-background-meta":{"desktop":{"background-color":"","background-image":"","background-repeat":"repeat","background-position":"center center","background-size":"auto","background-attachment":"scroll","background-type":"","background-media":"","overlay-type":"","overlay-color":"","overlay-opacity":"","overlay-gradient":""},"tablet":{"background-color":"","background-image":"","background-repeat":"repeat","background-position":"center center","background-size":"auto","background-attachment":"scroll","background-type":"","background-media":"","overlay-type":"","overlay-color":"","overlay-opacity":"","overlay-gradient":""},"mobile":{"background-color":"","background-image":"","background-repeat":"repeat","background-position":"center center","background-size":"auto","background-attachment":"scroll","background-type":"","background-media":"","overlay-type":"","overlay-color":"","overlay-opacity":"","overlay-gradient":""}},"ast-content-background-meta":{"desktop":{"background-color":"var(--ast-global-color-5)","background-image":"","background-repeat":"repeat","background-position":"center center","background-size":"auto","background-attachment":"scroll","background-type":"","background-media":"","overlay-type":"","overlay-color":"","overlay-opacity":"","overlay-gradient":""},"tablet":{"background-color":"var(--ast-global-color-5)","background-image":"","background-repeat":"repeat","background-position":"center center","background-size":"auto","background-attachment":"scroll","background-type":"","background-media":"","overlay-type":"","overlay-color":"","overlay-opacity":"","overlay-gradient":""},"mobile":{"background-color":"var(--ast-global-color-5)","background-image":"","background-repeat":"repeat","background-position":"center center","background-size":"auto","background-attachment":"scroll","background-type":"","background-media":"","overlay-type":"","overlay-color":"","overlay-opacity":"","overlay-gradient":""}}},"product_brand":[],"product_cat":[21],"product_tag":[],"class_list":{"0":"post-1815","1":"product","2":"type-product","3":"status-publish","4":"has-post-thumbnail","6":"product_cat-day-trips-and-excursions","7":"desktop-align-left","8":"tablet-align-left","9":"mobile-align-left","11":"first","12":"instock","13":"sold-individually","14":"shipping-taxable","15":"purchasable","16":"product-type-booking"},"_links":{"self":[{"href":"https:\/\/faroeway.fo\/fo-fo\/wp-json\/wp\/v2\/product\/1815","targetHints":{"allow":["GET"]}}],"collection":[{"href":"https:\/\/faroeway.fo\/fo-fo\/wp-json\/wp\/v2\/product"}],"about":[{"href":"https:\/\/faroeway.fo\/fo-fo\/wp-json\/wp\/v2\/types\/product"}],"replies":[{"embeddable":true,"href":"https:\/\/faroeway.fo\/fo-fo\/wp-json\/wp\/v2\/comments?post=1815"}],"wp:featuredmedia":[{"embeddable":true,"href":"https:\/\/faroeway.fo\/fo-fo\/wp-json\/wp\/v2\/media\/1819"}],"wp:attachment":[{"href":"https:\/\/faroeway.fo\/fo-fo\/wp-json\/wp\/v2\/media?parent=1815"}],"wp:term":[{"taxonomy":"product_brand","embeddable":true,"href":"https:\/\/faroeway.fo\/fo-fo\/wp-json\/wp\/v2\/product_brand?post=1815"},{"taxonomy":"product_cat","embeddable":true,"href":"https:\/\/faroeway.fo\/fo-fo\/wp-json\/wp\/v2\/product_cat?post=1815"},{"taxonomy":"product_tag","embeddable":true,"href":"https:\/\/faroeway.fo\/fo-fo\/wp-json\/wp\/v2\/product_tag?post=1815"}],"curies":[{"name":"wp","href":"https:\/\/api.w.org\/{rel}","templated":true}]}}