{"id":3389,"date":"2023-02-12T22:03:22","date_gmt":"2023-02-12T22:03:22","guid":{"rendered":"https:\/\/faroeway.fo\/terms-conditions\/"},"modified":"2024-12-01T17:14:30","modified_gmt":"2024-12-01T17:14:30","slug":"terms-conditions","status":"publish","type":"page","link":"https:\/\/faroeway.fo\/fo-fo\/terms-conditions\/","title":{"rendered":"Terms &#038; Conditions"},"content":{"rendered":"\t\t<div data-elementor-type=\"wp-post\" data-elementor-id=\"3389\" class=\"elementor elementor-3389 elementor-1609\" data-elementor-settings=\"{&quot;ha_cmc_init_switcher&quot;:&quot;no&quot;}\" data-elementor-post-type=\"page\">\n\t\t\t\t\t\t<section class=\"elementor-section elementor-top-section elementor-element elementor-element-9a7cd34 elementor-section-boxed elementor-section-height-default elementor-section-height-default\" data-id=\"9a7cd34\" data-element_type=\"section\" data-e-type=\"section\" data-settings=\"{&quot;background_background&quot;:&quot;classic&quot;,&quot;shape_divider_bottom&quot;:&quot;waves&quot;,&quot;_ha_eqh_enable&quot;:false}\">\n\t\t\t\t\t\t\t<div class=\"elementor-background-overlay\"><\/div>\n\t\t\t\t\t\t<div class=\"elementor-shape elementor-shape-bottom\" aria-hidden=\"true\" data-negative=\"false\">\n\t\t\t<svg xmlns=\"http:\/\/www.w3.org\/2000\/svg\" viewBox=\"0 0 1000 100\" preserveAspectRatio=\"none\">\n\t<path class=\"elementor-shape-fill\" d=\"M421.9,6.5c22.6-2.5,51.5,0.4,75.5,5.3c23.6,4.9,70.9,23.5,100.5,35.7c75.8,32.2,133.7,44.5,192.6,49.7\n\tc23.6,2.1,48.7,3.5,103.4-2.5c54.7-6,106.2-25.6,106.2-25.6V0H0v30.3c0,0,72,32.6,158.4,30.5c39.2-0.7,92.8-6.7,134-22.4\n\tc21.2-8.1,52.2-18.2,79.7-24.2C399.3,7.9,411.6,7.5,421.9,6.5z\"\/>\n<\/svg>\t\t<\/div>\n\t\t\t\t\t<div class=\"elementor-container elementor-column-gap-default\">\n\t\t\t\t\t<div class=\"elementor-column elementor-col-100 elementor-top-column elementor-element elementor-element-3d5ce1b3\" data-id=\"3d5ce1b3\" data-element_type=\"column\" data-e-type=\"column\">\n\t\t\t<div class=\"elementor-widget-wrap elementor-element-populated\">\n\t\t\t\t\t\t<div class=\"elementor-element elementor-element-3dbb7851 elementor-widget elementor-widget-heading\" data-id=\"3dbb7851\" data-element_type=\"widget\" data-e-type=\"widget\" data-widget_type=\"heading.default\">\n\t\t\t\t<div class=\"elementor-widget-container\">\n\t\t\t\t\t<h1 class=\"elementor-heading-title elementor-size-default\">Skilm\u00e1lar og umst\u00f8\u00f0ur<\/h1>\t\t\t\t<\/div>\n\t\t\t\t<\/div>\n\t\t\t\t\t<\/div>\n\t\t<\/div>\n\t\t\t\t\t<\/div>\n\t\t<\/section>\n\t\t\t\t<section class=\"elementor-section elementor-top-section elementor-element elementor-element-37bebb29 elementor-section-boxed elementor-section-height-default elementor-section-height-default\" data-id=\"37bebb29\" data-element_type=\"section\" data-e-type=\"section\" data-settings=\"{&quot;_ha_eqh_enable&quot;:false}\">\n\t\t\t\t\t\t<div class=\"elementor-container elementor-column-gap-no\">\n\t\t\t\t\t<div class=\"elementor-column elementor-col-100 elementor-top-column elementor-element elementor-element-3c07d13c\" data-id=\"3c07d13c\" data-element_type=\"column\" data-e-type=\"column\">\n\t\t\t<div class=\"elementor-widget-wrap elementor-element-populated\">\n\t\t\t\t\t\t<div class=\"elementor-element elementor-element-f1deeec ha-has-bg-overlay elementor-widget elementor-widget-image-box\" data-id=\"f1deeec\" data-element_type=\"widget\" data-e-type=\"widget\" data-widget_type=\"image-box.default\">\n\t\t\t\t<div class=\"elementor-widget-container\">\n\t\t\t\t\t<div class=\"elementor-image-box-wrapper\"><div class=\"elementor-image-box-content\"><h2 class=\"elementor-image-box-title\">Uppdag F\u00e6royar saman vi\u00f0 okkum<\/h2><p class=\"elementor-image-box-description\">Fr\u00e1 ey\u00f0kendum kennileitum til fjaldar gimsteinar, vit taka teg hagar.<\/p><\/div><\/div>\t\t\t\t<\/div>\n\t\t\t\t<\/div>\n\t\t\t\t<div class=\"elementor-element elementor-element-025f246 elementor-widget elementor-widget-text-editor\" data-id=\"025f246\" data-element_type=\"widget\" data-e-type=\"widget\" data-widget_type=\"text-editor.default\">\n\t\t\t\t<div class=\"elementor-widget-container\">\n\t\t\t\t\t\t\t\t\t<h2>Reglur um avl\u00fdsing<\/h2><p>Faroeway Adventures bj\u00f3\u00f0ar vinarligar avl\u00fdsingarreglur fyri avl\u00fdsingar \u00ed sambandi vi\u00f0 COVID-19 ors\u00f8kir og force majeure.<\/p><p>Um t\u00fa b\u00edleggir \u00e1 okkara heimas\u00ed\u00f0u, faroeway.fo kannast positivur, t\u00e1 t\u00fa ert \u00ed F\u00f8royum, ella um flogfari\u00f0 til F\u00f8roya ver\u00f0ur avl\u00fdst orsaka\u00f0 av COVID-19, ella onkrum force majeure ors\u00f8k so sum kr\u00edggj, jar\u00f0skj\u00e1lvtar ella l\u00edknandi ors\u00f8kir, f\u00e6rt t\u00fa fulla endurgjald. Alternativt kanst t\u00fa velja at flyta fer\u00f0ina til eina a\u00f0ra dag.<\/p><p>Allar avl\u00fdsingar skulu gerast vi\u00f0 telduposti. Faroeway Adventures ger alt fyri at tryggja bestu verjuna fyri kundan, um avl\u00fdsingar ver\u00f0a.<\/p><h3>Dagsfer\u00f0ir<\/h3><p>Hesar treytir eru galdandi fyri dagst\u00farar og virksemi, sum ver\u00f0a keypt \u00e1 Faroeway Adventures, t\u00e1 ta\u00f0 ver\u00f0ur avl\u00fdst av fer\u00f0af\u00f3lki:<\/p><p>a) Fyri avl\u00fdsingar meira enn 48 t\u00edmar \u00e1\u00f0renn virksemi\u00f0 byrjar, f\u00e6rt t\u00fa fulla endurgjald (l\u00edtil vi\u00f0ger\u00f0arkostna\u00f0ur tikin av gjaldveitaranum).<br \/>b) Fyri avl\u00fdsingar 48 t\u00edmar ella minni \u00e1\u00f0renn virksemi byrjar, ella um einki m\u00f8tir, eingin endurgjald.<\/p><h3>Fer\u00f0ir \u00ed fleiri dagar<\/h3><p>Um t\u00fa hevur br\u00fak fyri at laga t\u00ednar fer\u00f0a\u00e6tlanir til F\u00e6royar, vinaliga send okkum teldupost, og vit skulu gera okkara besta fyri at geva t\u00e6r eina a\u00f0ra \u00e6tlan. Hesir treytir eru galdandi fyri fleirdagars t\u00farar og fr\u00edt\u00ed\u00f0arpakkar.<\/p><p>Meira enn 7 dagar fyri komu\/t\u00fardag \u2013 100% endurgjald (l\u00edti\u00f0 handilsgjald tiki\u00f0 av gjaldsveitaranum)<br \/>3-7 dagar fyri komu\/t\u00fardag \u2013 50% endurgjald<br \/>Minni enn 48 t\u00edmar fyri komu\/t\u00fardag ella um ikki m\u00f8tir upp \u2013 eingin endurgjald<\/p><h3>Avl\u00fdsingar fr\u00e1 Faroeway Adventures<\/h3><p>Faroeway Adventures \u00e1skilur s\u00e6r r\u00e6tt til at avl\u00fdsa orsaka\u00f0 av ringum ve\u00f0ri og t\u00f8kniligum trupulleikum. Vinarliga gev\/gevi\u00f0 g\u00e6tur, at Faroeway Adventures metir og tekur avger\u00f0ina at avl\u00fdsa t\u00farin orsaka\u00f0 av ringum ve\u00f0ri, ikki kundanum. \u00cd hesum f\u00f8ri royna vit fyrst at broyta \u00e6tlanina, um ta\u00f0 ikki ber til, ver\u00f0ur kundin endurgoldin (eitt l\u00edti\u00f0 handilsgjald ver\u00f0ur tiki\u00f0 av gjaldsveitaranum).<\/p><p>Vi\u00f0 at br\u00faka faroeway.fo ella onkra heimas\u00ed\u00f0u, sum er kn\u00fdttur at Faroeway Adventures, g\u00f3\u00f0tekur t\u00fa at vera l\u00f3gliga bundin av hesum treytunum, sum taka gildi beinanvegin.<\/p><h2>Skilm\u00e1lar og umst\u00f8\u00f0ur<\/h2><p>Um t\u00fa ikki g\u00f3\u00f0tekur at vera l\u00f3gliga bundin av \u00f8llum hesum treytunum, vinarliga ikki br\u00faka Faroeway Adventures ella tilkn\u00fdttar heimas\u00ed\u00f0ur.<\/p><p>Faroeway Adventures kann til hv\u00f8rja t\u00ed\u00f0 broyta hesar treytir og umst\u00f8\u00f0ur vi\u00f0 at leggja broytingar \u00fat \u00e1 netinum. Vinarliga kanna hesar treytirnar regluliga fyri at tryggja t\u00e6r, at t\u00fa ert varugur vi\u00f0 allar broytingar hj\u00e1 Faroeway Adventures. T\u00edn \u00e1haldandi n\u00fdtsla av Faroeway Adventures ella eini heimas\u00ed\u00f0u, sum er kn\u00fdttur at Faroeway Adventures, eftir at broytingar eru sendar \u00fat, merkir, at t\u00fa g\u00f3\u00f0tekur at vera l\u00f3gliga bundin av hesum treytunum, sum eru dagf\u00f8rdar og\/ella broyttar.<\/p><p>T\u00fa kanst ikki kopiera, endurgera, endur\u00fatgeva, taka ni\u00f0ur, senda \u00fat, senda \u00fat, senda, gera atgongd til almenningin ella \u00e1 annan h\u00e1tt br\u00faka innihald, sum Faroeway Adventures eigur (\u00edrokna\u00f0 tekst, myndir, URL, pr\u00edsuppl\u00fdsingar o.s.fr.) \u00e1 nakran h\u00e1tt, uttan til t\u00edna egnu pers\u00f3nligu n\u00fdtslu.<\/p><p>\u00d8ll vinnulig n\u00fdtsla av innihaldi hj\u00e1 Faroeway Adventures krevur skrivligt loyvi fr\u00e1 Faroeway Adventures.<\/p><p>T\u00fa g\u00f3\u00f0tekur at br\u00faka Faroeway Adventures ella heimas\u00ed\u00f0ur kn\u00fdttar at Faroeway Adventures einans til l\u00f3glig endam\u00e1l og \u00e1 ein h\u00e1tt, sum ikki br\u00fdtur r\u00e6ttindini til, avmarkar ella t\u00e1lmar n\u00f8krum \u00f8\u00f0rum n\u00fdtslu og gle\u00f0i av Faroeway Adventures.<\/p><p>T\u00edn n\u00fdtsla av Faroeway Adventures ella n\u00f8krum s\u00ed\u00f0um, sum eru kn\u00fdttar at Faroeway Adventures, er \u00e6tla\u00f0 til egna n\u00fdtslu og\/ella til at koma vi\u00f0 r\u00e6ttv\u00edsum umb\u00f8num um at b\u00edleggja v\u00f8rurnar ella t\u00e6nasturnar, sum bj\u00f3\u00f0ast. T\u00fa samtykkir ikki at br\u00faka hesa heimas\u00ed\u00f0una til at koma vi\u00f0 n\u00f8krum spekulativum, skeivum ella svikaligum umb\u00f8num. T\u00fa g\u00f3\u00f0tekur ikki at br\u00faka robottar ella a\u00f0rar sj\u00e1lvvirkandi h\u00e6ttir at koma inn \u00e1 hesa s\u00ed\u00f0una, uttan so at Faroeway Adventures serliga hevur loyvt t\u00ed.<\/p><p>T\u00fa umbo\u00f0ar og \u00e1byrgdar, at t\u00fa (a) ikki \u00e1\u00f0ur hevur veri\u00f0 suspendera\u00f0ur av Faroeway Adventures ella \u00e1 annan h\u00e1tt banna\u00f0ur fr\u00e1 s\u00ed\u00f0uni; (b) ikki eru beinlei\u00f0is kappingarneytar hj\u00e1 Faroeway Adventures; (c) at t\u00fa hevur fult vald og myndugleika at gera hesar t\u00e6nastutreytirnar og vi\u00f0 at gera ta\u00f0 ikki br\u00f3ta nakra a\u00f0ra avtalu, sum t\u00fa ert partur av.<\/p>\t\t\t\t\t\t\t\t<\/div>\n\t\t\t\t<\/div>\n\t\t\t\t\t<\/div>\n\t\t<\/div>\n\t\t\t\t\t<\/div>\n\t\t<\/section>\n\t\t\t\t<\/div>\n\t\t","protected":false},"excerpt":{"rendered":"<p>Skilm\u00e1lar og umst\u00f8\u00f0ur Uppdag F\u00e6royar saman vi\u00f0 okkum Fr\u00e1 ey\u00f0kendum kennileitum til fjaldar gimsteinar, vit taka teg hagar. Reglur um avl\u00fdsing Faroeway Adventures bj\u00f3\u00f0ar vinarligar avl\u00fdsingarreglur fyri avl\u00fdsingar \u00ed sambandi vi\u00f0 COVID-19 ors\u00f8kir og force majeure. Um t\u00fa b\u00edleggir \u00e1 okkara heimas\u00ed\u00f0u, faroeway.fo kannast positivur, t\u00e1 t\u00fa ert \u00ed F\u00f8royum, ella um flogfari\u00f0 til F\u00f8roya [&hellip;]<\/p>\n","protected":false},"author":1,"featured_media":0,"parent":0,"menu_order":0,"comment_status":"closed","ping_status":"closed","template":"","meta":{"site-sidebar-layout":"no-sidebar","site-content-layout":"page-builder","ast-site-content-layout":"","site-content-style":"default","site-sidebar-style":"default","ast-global-header-display":"","ast-banner-title-visibility":"","ast-main-header-display":"","ast-hfb-above-header-display":"","ast-hfb-below-header-display":"","ast-hfb-mobile-header-display":"","site-post-title":"disabled","ast-breadcrumbs-content":"","ast-featured-img":"disabled","footer-sml-layout":"","theme-transparent-header-meta":"enabled","adv-header-id-meta":"","stick-header-meta":"","header-above-stick-meta":"","header-main-stick-meta":"","header-below-stick-meta":"","astra-migrate-meta-layouts":"default","ast-page-background-enabled":"default","ast-page-background-meta":{"desktop":{"background-color":"","background-image":"","background-repeat":"repeat","background-position":"center center","background-size":"auto","background-attachment":"scroll","background-type":"","background-media":"","overlay-type":"","overlay-color":"","overlay-opacity":"","overlay-gradient":""},"tablet":{"background-color":"","background-image":"","background-repeat":"repeat","background-position":"center center","background-size":"auto","background-attachment":"scroll","background-type":"","background-media":"","overlay-type":"","overlay-color":"","overlay-opacity":"","overlay-gradient":""},"mobile":{"background-color":"","background-image":"","background-repeat":"repeat","background-position":"center center","background-size":"auto","background-attachment":"scroll","background-type":"","background-media":"","overlay-type":"","overlay-color":"","overlay-opacity":"","overlay-gradient":""}},"ast-content-background-meta":{"desktop":{"background-color":"var(--ast-global-color-5)","background-image":"","background-repeat":"repeat","background-position":"center center","background-size":"auto","background-attachment":"scroll","background-type":"","background-media":"","overlay-type":"","overlay-color":"","overlay-opacity":"","overlay-gradient":""},"tablet":{"background-color":"var(--ast-global-color-5)","background-image":"","background-repeat":"repeat","background-position":"center center","background-size":"auto","background-attachment":"scroll","background-type":"","background-media":"","overlay-type":"","overlay-color":"","overlay-opacity":"","overlay-gradient":""},"mobile":{"background-color":"var(--ast-global-color-5)","background-image":"","background-repeat":"repeat","background-position":"center center","background-size":"auto","background-attachment":"scroll","background-type":"","background-media":"","overlay-type":"","overlay-color":"","overlay-opacity":"","overlay-gradient":""}},"footnotes":""},"class_list":["post-3389","page","type-page","status-publish","hentry"],"_links":{"self":[{"href":"https:\/\/faroeway.fo\/fo-fo\/wp-json\/wp\/v2\/pages\/3389","targetHints":{"allow":["GET"]}}],"collection":[{"href":"https:\/\/faroeway.fo\/fo-fo\/wp-json\/wp\/v2\/pages"}],"about":[{"href":"https:\/\/faroeway.fo\/fo-fo\/wp-json\/wp\/v2\/types\/page"}],"author":[{"embeddable":true,"href":"https:\/\/faroeway.fo\/fo-fo\/wp-json\/wp\/v2\/users\/1"}],"replies":[{"embeddable":true,"href":"https:\/\/faroeway.fo\/fo-fo\/wp-json\/wp\/v2\/comments?post=3389"}],"version-history":[{"count":6,"href":"https:\/\/faroeway.fo\/fo-fo\/wp-json\/wp\/v2\/pages\/3389\/revisions"}],"predecessor-version":[{"id":3488,"href":"https:\/\/faroeway.fo\/fo-fo\/wp-json\/wp\/v2\/pages\/3389\/revisions\/3488"}],"wp:attachment":[{"href":"https:\/\/faroeway.fo\/fo-fo\/wp-json\/wp\/v2\/media?parent=3389"}],"curies":[{"name":"wp","href":"https:\/\/api.w.org\/{rel}","templated":true}]}}