{"id":3383,"date":"2023-02-12T22:00:21","date_gmt":"2023-02-12T22:00:21","guid":{"rendered":"https:\/\/faroeway.fo\/privacy-policy\/"},"modified":"2024-12-01T16:33:29","modified_gmt":"2024-12-01T16:33:29","slug":"privacy-policy","status":"publish","type":"page","link":"https:\/\/faroeway.fo\/fo-fo\/privacy-policy\/","title":{"rendered":"Privacy Policy"},"content":{"rendered":"\t\t<div data-elementor-type=\"wp-post\" data-elementor-id=\"3383\" class=\"elementor elementor-3383 elementor-1604\" data-elementor-settings=\"{&quot;ha_cmc_init_switcher&quot;:&quot;no&quot;}\" data-elementor-post-type=\"page\">\n\t\t\t\t\t\t<section class=\"elementor-section elementor-top-section elementor-element elementor-element-9a7cd34 elementor-section-boxed elementor-section-height-default elementor-section-height-default\" data-id=\"9a7cd34\" data-element_type=\"section\" data-e-type=\"section\" data-settings=\"{&quot;background_background&quot;:&quot;classic&quot;,&quot;shape_divider_bottom&quot;:&quot;waves&quot;,&quot;_ha_eqh_enable&quot;:false}\">\n\t\t\t\t\t\t\t<div class=\"elementor-background-overlay\"><\/div>\n\t\t\t\t\t\t<div class=\"elementor-shape elementor-shape-bottom\" aria-hidden=\"true\" data-negative=\"false\">\n\t\t\t<svg xmlns=\"http:\/\/www.w3.org\/2000\/svg\" viewBox=\"0 0 1000 100\" preserveAspectRatio=\"none\">\n\t<path class=\"elementor-shape-fill\" d=\"M421.9,6.5c22.6-2.5,51.5,0.4,75.5,5.3c23.6,4.9,70.9,23.5,100.5,35.7c75.8,32.2,133.7,44.5,192.6,49.7\n\tc23.6,2.1,48.7,3.5,103.4-2.5c54.7-6,106.2-25.6,106.2-25.6V0H0v30.3c0,0,72,32.6,158.4,30.5c39.2-0.7,92.8-6.7,134-22.4\n\tc21.2-8.1,52.2-18.2,79.7-24.2C399.3,7.9,411.6,7.5,421.9,6.5z\"\/>\n<\/svg>\t\t<\/div>\n\t\t\t\t\t<div class=\"elementor-container elementor-column-gap-default\">\n\t\t\t\t\t<div class=\"elementor-column elementor-col-100 elementor-top-column elementor-element elementor-element-3d5ce1b3\" data-id=\"3d5ce1b3\" data-element_type=\"column\" data-e-type=\"column\">\n\t\t\t<div class=\"elementor-widget-wrap elementor-element-populated\">\n\t\t\t\t\t\t<div class=\"elementor-element elementor-element-3dbb7851 elementor-widget elementor-widget-heading\" data-id=\"3dbb7851\" data-element_type=\"widget\" data-e-type=\"widget\" data-widget_type=\"heading.default\">\n\t\t\t\t<div class=\"elementor-widget-container\">\n\t\t\t\t\t<h1 class=\"elementor-heading-title elementor-size-default\">Politikkur um privatl\u00edv<\/h1>\t\t\t\t<\/div>\n\t\t\t\t<\/div>\n\t\t\t\t\t<\/div>\n\t\t<\/div>\n\t\t\t\t\t<\/div>\n\t\t<\/section>\n\t\t\t\t<section class=\"elementor-section elementor-top-section elementor-element elementor-element-37bebb29 elementor-section-boxed elementor-section-height-default elementor-section-height-default\" data-id=\"37bebb29\" data-element_type=\"section\" data-e-type=\"section\" data-settings=\"{&quot;_ha_eqh_enable&quot;:false}\">\n\t\t\t\t\t\t<div class=\"elementor-container elementor-column-gap-no\">\n\t\t\t\t\t<div class=\"elementor-column elementor-col-100 elementor-top-column elementor-element elementor-element-3c07d13c\" data-id=\"3c07d13c\" data-element_type=\"column\" data-e-type=\"column\">\n\t\t\t<div class=\"elementor-widget-wrap elementor-element-populated\">\n\t\t\t\t\t\t<div class=\"elementor-element elementor-element-f1deeec ha-has-bg-overlay elementor-widget elementor-widget-image-box\" data-id=\"f1deeec\" data-element_type=\"widget\" data-e-type=\"widget\" data-widget_type=\"image-box.default\">\n\t\t\t\t<div class=\"elementor-widget-container\">\n\t\t\t\t\t<div class=\"elementor-image-box-wrapper\"><div class=\"elementor-image-box-content\"><h2 class=\"elementor-image-box-title\">Uppdag F\u00e6royar saman vi\u00f0 okkum<\/h2><p class=\"elementor-image-box-description\">Fr\u00e1 ey\u00f0kendum kennileitum til fjaldar gimsteinar, vit taka teg hagar.<\/p><\/div><\/div>\t\t\t\t<\/div>\n\t\t\t\t<\/div>\n\t\t\t\t<div class=\"elementor-element elementor-element-025f246 elementor-widget elementor-widget-text-editor\" data-id=\"025f246\" data-element_type=\"widget\" data-e-type=\"widget\" data-widget_type=\"text-editor.default\">\n\t\t\t\t<div class=\"elementor-widget-container\">\n\t\t\t\t\t\t\t\t\t<p>FaroeWay Adventures vir\u00f0ir hugverkar\u00e6ttindi hj\u00e1 \u00f8\u00f0rum og gevur seg av fullum huga til at hj\u00e1lpa tri\u00f0japartum at verja teirra r\u00e6ttindi.<\/p><p>Okkara treytir banna br\u00fakarum at leggja \u00fat innihald, sum br\u00fdtur hugverkar\u00e6ttindini hj\u00e1 \u00f8\u00f0rum parti. T\u00e1 vit f\u00e1a bo\u00f0 um l\u00f3garbrot, taka vit beinanvegin ella \u00f3virkja atgongdina til ta\u00f0 meinta \u00f3l\u00f3gliga innihaldi\u00f0. Vit enda eisini konturnar hj\u00e1 teimum, sum endurtaka brotsmenn, undir h\u00f3skandi umst\u00f8\u00f0um.<\/p><p>Um t\u00fa heldur, at t\u00edni r\u00e6ttindi eru brotin \u00ed FaroeWay Adventures, kanst t\u00fa seta teg \u00ed samband vi\u00f0 okkum \u00e1 booking@faroeway.fo og vit skulu v\u00edsa t\u00e6r r\u00e6tt til, ella um t\u00fa ynskir, flyta t\u00edtt innihald beinanvegin av heimas\u00ed\u00f0uni.<\/p><h2>Politikkur um privatl\u00edv<\/h2><p>Vit hava fyrireika\u00f0 hesa privatl\u00edvspolitikkin fyri at hj\u00e1lpa t\u00e6r at skilja, hvussu FaroeWay Adventures savnar, br\u00fakar og roynir at verja pers\u00f3nligu uppl\u00fdsingarnar (sum skilgreindar ni\u00f0anfyri), sum t\u00fa gevur okkum \u00e1 okkara vevs\u00ed\u00f0um, \u00edgj\u00f8gnum teldupost og \u00edgj\u00f8gnum okkara t\u00e6nastuveitarar og \u00fatb\u00fdtingarfelag. Hendan privatl\u00edvspolitikkurin vi\u00f0v\u00edkur ikki, og vit hava ikki \u00e1byrgdina av, privatl\u00edvi, uppl\u00fdsingum og \u00f8\u00f0rum mannagongdum hj\u00e1 n\u00f8krum tri\u00f0japarti, \u00edrokna\u00f0 tri\u00f0japarta \u00fatb\u00fdtingarfelag, veitarar og fer\u00f0afyriskiparar, og nakar tri\u00f0ja partur, sum rekur eina s\u00ed\u00f0u, sum okkara heimas\u00ed\u00f0ur hava leinkju til. Vi\u00f0 at taka ni\u00f0ur, sleppa inn \u00e1 ella br\u00faka okkara heimas\u00ed\u00f0ur, ella geva okkum uppl\u00fdsingar \u00ed sambandi vi\u00f0 okkara heimas\u00ed\u00f0ur, g\u00f3\u00f0tekur t\u00fa treytirnar og treytirnar \u00ed hesi privatl\u00edvspolitikkinum.<\/p><h2>Hv\u00f8rjar uppl\u00fdsingar savna vit?<\/h2><p>Vit savna tvey sl\u00f8g av uppl\u00fdsingum fr\u00e1 t\u00e6r \u00e1 okkara vevs\u00ed\u00f0um, \u00edgj\u00f8gnum teldupost og \u00edgj\u00f8gnum okkara t\u00e6nastuveitarar og \u00fatb\u00fdtingarfelag. Pers\u00f3nligar uppl\u00fdsingar eru uppl\u00fdsingar, sum ey\u00f0kenna teg pers\u00f3nliga, so sum t\u00edtt navn og teldupostadressu. Vit savna eisini a\u00f0rar uppl\u00fdsingar, sum ikki ey\u00f0kenna teg pers\u00f3nliga, so sum kyn, b\u00fasetuland og a\u00f0rar demografiska uppl\u00fdsingar.<\/p><p>Fyri at keypa okkara v\u00f8rur ella t\u00e6nastur er ney\u00f0ugt hj\u00e1 t\u00e6r at avd\u00faka pers\u00f3nligar uppl\u00fdsingar, \u00edrokna\u00f0 t\u00edtt navn, b\u00fasta\u00f0, teldupostadressu, telefonnummar, gjaldskortsuppl\u00fdsingar og a\u00f0rar pers\u00f3nligar uppl\u00fdsingar. Um t\u00fa ikki gevur pers\u00f3nligar uppl\u00fdsingar, t\u00e1 i\u00f0 t\u00fa keypir eina av okkara v\u00f8rum ella t\u00e6nastu, kunnu vit ikki v\u00e1tta t\u00edtt keyp ella fullgera t\u00edna b\u00edlegging.<\/p><p>T\u00e1 t\u00fa skr\u00e1setur teg hj\u00e1 FaroeWay Adventures, bi\u00f0ja vit um grundleggjandi uppl\u00fdsingar, \u00edrokna\u00f0 t\u00edtt navn og teldupostadressu og a\u00f0rar uppl\u00fdsingar so sum t\u00edtt skr\u00e1setingarsta\u00f0. Um t\u00fa setir teg \u00ed samband vi\u00f0 FaroeWay Adventures vi\u00f0 at br\u00faka Facebook, kunnu vit eisini savna uppl\u00fdsingar, sum t\u00fa hevur valt at gera atgongdar \u00ed privatl\u00edvsstillingunum \u00e1 Facebook, \u00edrokna\u00f0 pers\u00f3nligar uppl\u00fdsingar so sum t\u00edn Facebook-teldupostadressu og Facebook br\u00fakaranavn, a\u00f0rar uppl\u00fdsingar so sum t\u00edn vangamynd og vinalistar, og allar a\u00f0rar pers\u00f3nligar ella a\u00f0rar uppl\u00fdsingar, sum t\u00fa hevur valt at gera atgongdar.<\/p><p>T\u00e1 t\u00fa vitjar guidetofaroeislands.fo ella onkra av okkara sambandsfelagss\u00ed\u00f0um, sum vit eru vertir fyri, kennir og savnar okkara vevt\u00e6nari automatisk t\u00edna IP-adressu, sum er \u00fathluta\u00f0 av t\u00ednum internetveitara og ikki ey\u00f0kennir teg pers\u00f3nliga. Fyri at hj\u00e1lpa okkum at greina n\u00fdtsluna av okkara heimas\u00ed\u00f0um og vi\u00f0v\u00edkjandi t\u00e6nastum, og fyri at senda meira vi\u00f0komandi samskifti til t\u00edn, savna vit eisini og halda grei\u00f0u \u00e1 \u00f8\u00f0rum uppl\u00fdsingum, so sum t\u00ednar leitingar \u00e1 heimas\u00ed\u00f0um og b\u00edleggingar. Um t\u00fa til d\u00f8mis ofta vitjar Par\u00eds og London, kunnu vit senda t\u00e6r serligar bo\u00f0 vi\u00f0 tilbo\u00f0um og v\u00e6lumt\u00f3ktum v\u00f8rum til hesi fer\u00f0am\u00e1lini. Um t\u00fa abonnerar \u00e1 okkurt av okkara teldupostmarkna\u00f0arsamskiftum \u2013 \u00edrokna\u00f0 fr\u00e9ttabr\u00e9f og \u00e1varingar um fer\u00f0am\u00e1l, er ta\u00f0 ney\u00f0ugt fyri teg at avd\u00faka pers\u00f3nligar uppl\u00fdsingar so sum t\u00edtt navn og teldupostadressu og a\u00f0rar uppl\u00fdsingar so sum t\u00edtt heimland.<\/p><p>\u00cd summum f\u00f8rum kunnu vit eisini bi\u00f0ja um a\u00f0rar uppl\u00fdsingar, so sum demografiska uppl\u00fdsingar, \u00edrokna\u00f0 t\u00edtt b\u00fasetuland, kyn, aldur, fer\u00f0avanar o.s.fr. Vit br\u00faka eisini sm\u00e1kakur (sum umr\u00f8ddar ni\u00f0anfyri) til at savna uppl\u00fdsingar um framf\u00f8rsluna og n\u00fdtileikan \u00e1 okkara heimas\u00ed\u00f0um.<\/p><p>T\u00fa kanst veita stu\u00f0ul til heimas\u00ed\u00f0una \u00e1 fleiri ymiskar m\u00e1tar, eitt n\u00fa at skriva umm\u00e6li, senda myndir, fylla \u00fat t\u00edn almenna vanga og meta \u00edl\u00f8g fr\u00e1 \u00f8\u00f0rum br\u00fakarum. Vit kunnu goyma hesi \u00edl\u00f8gini (t\u00edtt &#8220;innihald&#8221;), v\u00edsa tey fyri \u00f8\u00f0rum br\u00fakarum og br\u00faka tey til l\u00fdsingarendam\u00e1l. Gev\/Gevi\u00f0 g\u00e6tur, at um t\u00fa tekur pers\u00f3nligar uppl\u00fdsingar vi\u00f0 \u00ed innihaldinum, kunnu onnur br\u00faka og s\u00edggja t\u00e6r. Vit hava ikki \u00e1byrgdina av uppl\u00fdsingunum, sum t\u00fa velur at hava vi\u00f0 \u00ed t\u00ednum innihaldi.<\/p><h2>Sm\u00e1kakur<\/h2><p>&#8220;Sm\u00e1kakur&#8221; eru uppl\u00fdsingarpettir, sum ver\u00f0a goymdar av vevkaganum \u00e1 har\u00f0diskinum \u00e1 telduni til skr\u00e1setingarendam\u00e1l. Sm\u00e1kakur \u00ed s\u00e6r sj\u00e1lvum ey\u00f0kenna bara t\u00edna teldu; tey kenna teg ikki pers\u00f3nliga aftur.<\/p><p>Fyrstaparts sm\u00e1kakur: Hj\u00e1 FaroeWay Adventures br\u00faka vit sm\u00e1kakur til at goyma t\u00ednar ynski, skr\u00e1seta uppl\u00fdsingar um fundin, savna uppl\u00fdsingar um, hvussu t\u00fa vitjar og kemur inn \u00e1 okkara heimas\u00ed\u00f0ur, og til at sn\u00ed\u00f0a okkara heimas\u00ed\u00f0ur til t\u00ednar t\u00f8rvir. Vit br\u00faka eisini sm\u00e1k\u00f8kur til at greina og m\u00e1ta nyttuna av okkara teldupostsamskifti, funkleikum og tilbo\u00f0um \u00e1 heimas\u00ed\u00f0um og l\u00fdsingum, og fylgjast vi\u00f0 provisi\u00f3nini, vit vinna fr\u00e1 \u00f8\u00f0rum vevs\u00ed\u00f0um.<\/p><p>Tri\u00f0japarts sm\u00e1k\u00f8kur: Vit br\u00faka eisini l\u00fdsingarfyrit\u00f8kur fr\u00e1 tri\u00f0japarti at v\u00edsa l\u00fdsingar, me\u00f0an t\u00fa vitjar okkara heimas\u00ed\u00f0ur, og vit loyva hesum fyrit\u00f8kum at seta og sleppa at teirra egnu sm\u00e1kakum \u00e1 t\u00edna teldu, me\u00f0an vit v\u00edsa l\u00fdsingar. Sl\u00edkir annons\u00f8rar hava ikki atgongd til uppl\u00fdsingarnar, sum vit savna gj\u00f8gnum FaroeWay Adventures sm\u00e1k\u00f8kur. N\u00fdtslan hj\u00e1 \u00f8\u00f0rum fyrit\u00f8kum av teirra sm\u00e1kakum er undirgivin teirra egnu privatl\u00edvspolitikki og ikki okkara.<\/p><h2>Hvussu br\u00faka og avd\u00faka vit t\u00ednar pers\u00f3nligu uppl\u00fdsingar?<\/h2><p>Vit br\u00faka t\u00ednar pers\u00f3nligu uppl\u00fdsingar \u00e1 eftirfarandi h\u00e1tt:<\/p><p>At geva t\u00e6r t\u00e6r uppl\u00fdsingarnar, t\u00fa bi\u00f0ur um um okkara v\u00f8rur<br \/>At senda t\u00e6r teldupost, markna\u00f0arbo\u00f0 og uppl\u00fdsingar<br \/>At \u00fatinna t\u00ednar b\u00edleggingar<br \/>At v\u00e1tta t\u00edni keyp<br \/>At tryggja t\u00e6r, at t\u00fa ver\u00f0ur r\u00e6tt rokna\u00f0ur<br \/>At m\u00e1ta og rekja demografiska uppl\u00fdsingar um okkara kundar<br \/>At m\u00e5lr\u00e6tta innihald \u00e1 okkara heimas\u00ed\u00f0u, so ta\u00f0 samsvarar betur vi\u00f0 t\u00edni \u00e1hugam\u00e1l<br \/>At mi\u00f0a eftir h\u00f3skandi innihaldi til teldupostmarkna\u00f0arbo\u00f0, so ta\u00f0 samsvarar betur vi\u00f0 t\u00edni \u00e1hugam\u00e1l<\/p><p>Vit fara at geva t\u00e6r val vi\u00f0v\u00edkjandi n\u00fdtslu og avd\u00faking av t\u00ednum pers\u00f3nligu uppl\u00fdsingum til markna\u00f0arf\u00f8rsluendam\u00e1l.<\/p><p>Um t\u00fa setir teg \u00ed samband vi\u00f0 FaroeWay Adventures vi\u00f0 at br\u00faka Facebook, kunnu vit v\u00edsa t\u00e6r umm\u00e6li, myndir og t\u00farar, sum t\u00ednir Facebook-vinir hava lagt \u00fat, deilt, goymt ella keypt \u00e1 FaroeWay Adventures. Gev\/Gevi\u00f0 g\u00e6tur, at um t\u00fa hevur Facebook-vinir, sum br\u00faka FaroeWay Adventures, kunnu teir eisini deila uppl\u00fdsingar um teg vi\u00f0 okkum \u00edgj\u00f8gnum Facebook. Um t\u00fa vilt for\u00f0a fyri hasi deilingini, kanst t\u00fa kanna privatl\u00edvsstillingarnar \u00e1 Facebook.<\/p><p>T\u00fa kanst eisini velja at sleppa inn \u00e1 sosialar mi\u00f0lar og t\u00e6nastur fr\u00e1 tri\u00f0japarti \u00edgj\u00f8gnum FaroeWay Adventures (so sum Facebook og Twitter). T\u00e1 t\u00fa gert ta\u00f0, deilir t\u00fa uppl\u00fdsingar vi\u00f0 hasar s\u00ed\u00f0urnar, og uppl\u00fdsingarnar, t\u00fa deilir, eru st\u00fdrdar av teirra privatl\u00edvsreglum.<\/p><p>Nakrar av pers\u00f3nligu uppl\u00fdsingunum, sum vit savna, ver\u00f0a deilt vi\u00f0 okkara t\u00e6nastufelagar (t.d. fer\u00f0afyriskiparar), sum eru beinlei\u00f0is uppi \u00ed at \u00fatinna keypini, t\u00fa hevur gj\u00f8rt fr\u00e1 okkum. Vit geva okkara t\u00e6nastuveitarum bara t\u00edtt navn og t\u00ednar sta\u00f0bundnu kontaktuppl\u00fdsingar, um t\u00fa gevur t\u00e6r (t.d. navni\u00f0 \u00e1 hotellinum til avhenting og avkoyring, t\u00edtt sta\u00f0bundna telefonnummar, t\u00edtt fartelefonnummar o.s.fr.) Vit geva ikki okkara t\u00e6nastuveitarum nakrar a\u00f0rar pers\u00f3nligar uppl\u00fdsingar. Um t\u00fa gert av at geva pers\u00f3nligar uppl\u00fdsingar beinlei\u00f0is til ein t\u00e6nastuveitara, m\u00e6la vit til, at t\u00fa kannar privatl\u00edvsreglurnar hj\u00e1 t\u00e6nastuveitaranum fyri at finna \u00fat av, hvussu ein sl\u00edkur t\u00e6nastuveitari kann br\u00faka ella avd\u00faka t\u00ednar pers\u00f3nligu uppl\u00fdsingar.<\/p><p>Vit deila eisini t\u00ednar pers\u00f3nligu uppl\u00fdsingar vi\u00f0 tri\u00f0japartum, sum hava s\u00e1ttm\u00e1la um at veita okkum markna\u00f0ar- og d\u00e1tufr\u00e1grei\u00f0ingart\u00e6nastur, sum eru bundnir av tr\u00fana\u00f0arskyldu, og vi\u00f0 a\u00f0rar tri\u00f0japartar markna\u00f0arpartar.<\/p><p>Vit kunnu eisini br\u00faka ella avd\u00faka pers\u00f3nligar uppl\u00fdsingar, sum vit halda vera ney\u00f0ugar ella h\u00f3skandi: (a) samb\u00e6rt galdandi l\u00f3g, \u00edrokna\u00f0 l\u00f3gir uttanfyri t\u00edtt b\u00fasetuland; (b) at fylgja r\u00e6ttarligari mannagongd; (c) at svara umb\u00f8num fr\u00e1 almennum ella stj\u00f3rnarligum myndugleikum, \u00edrokna\u00f0 almennum ella stj\u00f3rnarligum myndugleikum uttanfyri t\u00edtt b\u00fasetuland; (d) at \u00fatinna okkara treytir og treytir; (e) at verja okkara virksemi ella virksemi\u00f0 hj\u00e1 n\u00f8krum av okkara sambandsfelagum; (f) at verja okkara r\u00e6ttindi, privatl\u00edv, trygd ella ogn, ella tey hj\u00e1 okkara sambandsfelagum, t\u00e6r ella \u00f8\u00f0rum; ella (g) at loyva okkum at stremba eftir t\u00f8kiligum avbj\u00f3\u00f0ingum ella avmarka ska\u00f0arnar, sum vit kunnu ver\u00f0a fyri.<\/p><p>Vit kunnu br\u00faka og avd\u00faka a\u00f0rar uppl\u00fdsingar til eitthv\u00f8rt endam\u00e1l. \u00cd summum f\u00f8rum kunnu vit sameina a\u00f0rar uppl\u00fdsingar vi\u00f0 pers\u00f3nligar uppl\u00fdsingar (so sum at blanda t\u00edtt navn vi\u00f0 t\u00edna landfr\u00f8\u00f0iligu sta\u00f0setning). Um vit seta nakrar a\u00f0rar uppl\u00fdsingar saman vi\u00f0 pers\u00f3nligum uppl\u00fdsingum, ver\u00f0a t\u00e6r samanlagdu uppl\u00fdsingarnar vi\u00f0farnar av okkum sum pers\u00f3nligar uppl\u00fdsingar, so leingi sum t\u00e6r eru solei\u00f0is samansettar.<\/p><h2>Teldupostsamskifti, sum t\u00fa kanst v\u00e6nta at f\u00e1a fr\u00e1 FaroeWay Adventures<\/h2><p>Vit kunnu senda t\u00e6r markna\u00f0arteldupost vi\u00f0 uppl\u00fdsingum um tilbo\u00f0ini hj\u00e1 FaroeWay Adventures, fer\u00f0am\u00e1ls- og v\u00f8rut\u00ed\u00f0indi, happadr\u00e1tt, \u00e6tlanir o.s.fr., og a\u00f0rar serligar frambo\u00f0, sum vit halda, at t\u00fa fert at halda vera vir\u00f0ismiklar, \u00e1hugaverdar ella uppl\u00fdsandi. Vit fara at geva t\u00e6r val vi\u00f0v\u00edkjandi okkara n\u00fdtslu av t\u00ednum pers\u00f3nligu uppl\u00fdsingum til markna\u00f0arf\u00f8rsluendam\u00e1l. Um t\u00fa ikki longur ert \u00e1huga\u00f0ur\/\u00e1huga\u00f0 \u00ed at f\u00e1a framt\u00ed\u00f0ar markna\u00f0arsamskifti fr\u00e1 FaroeWay Adventures, hevur t\u00fa fleiri m\u00f8guleikar at velja teg burtur \u00far framt\u00ed\u00f0ar postsendingum:<\/p><p>T\u00fa kanst til eina og hv\u00f8rja t\u00ed\u00f0 siga teg \u00far vi\u00f0 at fylgja veglei\u00f0ingunum og leinkinum, sum eru \u00ed hv\u00f8rjum telduposti, vit senda.<br \/>T\u00fa kanst senda teldupost til booking@faroeway.fo og bi\u00f0ja um at ver\u00f0a avmelda\u00f0ur vi\u00f0 at seta t\u00edtt navn, teldupostadressu og or\u00f0ini &#8220;avmelda&#8221; \u00ed evninum ella bo\u00f0stekstinum.<\/p><p>Vinarliga gev\/gevi\u00f0 g\u00e6tur, at h\u00f3ast t\u00fa velur ikki at f\u00e1a framt\u00ed\u00f0ar markna\u00f0arsamskifti fr\u00e1 FaroeWay Adventures, fara vit at halda fram at senda t\u00e6r teldupost vi\u00f0v\u00edkjandi t\u00ednum keypum og b\u00edleggingum og vi\u00f0v\u00edkjandi fyrisitingaruppl\u00fdsingum so sum broytingar \u00e1 okkara treytum, umst\u00f8\u00f0um og reglum. Um t\u00fa b\u00edleggir ella keypir \u00e1 eini av okkara heimas\u00ed\u00f0um, kunnu vit eisini senda t\u00e6r uppl\u00fdsingar um n\u00fdggjar v\u00f8rur, ella spyrja teg um t\u00edna meining um okkara heimas\u00ed\u00f0ur o.s.fr., solei\u00f0is at vit kunnu betra um okkara t\u00e6nastu til t\u00edn og a\u00f0rar br\u00fakarar.<\/p><h2>Okkara \u00fatb\u00fdtingarfelagar og veitarar<\/h2><p>Okkara v\u00f8rur eru gj\u00f8rdar atgongdar \u00edgj\u00f8gnum okkara tri\u00f0japarta \u00fatb\u00fdtingarfelagar og veitarar. Okkara \u00fatb\u00fdtingarfelagar og veitarar kunnu hava privatl\u00edvsreglur, sum v\u00edkja fr\u00e1 privatl\u00edvspolitikkinum hj\u00e1 FaroeWay Adventures.<\/p><p>T\u00fa\/skalt\/skulu eisini vera grei\u00f0ur\/grei\u00f0 yvir, at summir v\u00f8ru- og fer\u00f0aveitarar og nakrir av okkara \u00fatb\u00fdtingarfel\u00f8gum kunnu hava t\u00f8rv \u00e1 meira pers\u00f3nligum ella \u00f8\u00f0rum uppl\u00fdsingum (so sum uppl\u00fdsingar um heilsu og kropsligan f\u00f8rleika) fyri at avgera, um t\u00fa\/kanst\/kunnu luttaka \u00ed einum virksemi. T\u00fa eigur einans at lesa og l\u00edta \u00e1 privatl\u00edvspolitikkin hj\u00e1 vi\u00f0komandi veitara ella partnara (og ikki privatl\u00edvspolitikkin hj\u00e1 FaroeWay Adventures), um FaroeWay Adventures ikki savnar hesar uppl\u00fdsingar beinlei\u00f0is fr\u00e1 t\u00e6r.<\/p><p>Summir veitarar ella \u00fatb\u00fdtingarfelagar kunnu starfa \u00ed londum ella statum, sum ikki hava l\u00f3gir ella regluger\u00f0ir til at verja og verja pers\u00f3nligar uppl\u00fdsingar.\u00a0FaroeWay Adventures roynir at taka r\u00edmilig stig til at yvirtala allar s\u00ednar veitarar og \u00fatb\u00fdtingarfelagar at taka undir og halda seg til privatl\u00edvsreglur, sum \u00ed h\u00f8vu\u00f0sheitum l\u00edkjast hesum. T\u00f3 m\u00e1st t\u00fa vita av, at FaroeWay Adventures ikki er \u00ed st\u00f8\u00f0u at tvinga fylgni, so vit l\u00edta \u00e1, at t\u00fa og hinir kundar okkara bo\u00f0a okkum fr\u00e1, um t\u00edtt privatl\u00edv ikki ver\u00f0ur n\u00f3g v\u00e6l vard av okkara veitarum ella \u00fatb\u00fdtingarfel\u00f8gum.<\/p><h2>Okkara trygdar- og goymslutilt\u00f8k<\/h2><p>Hj\u00e1 FaroeWay Adventures stremba vit eftir at var\u00f0veita integritetin og trygdina \u00ed t\u00ednum pers\u00f3nligu uppl\u00fdsingum.<\/p><p>Vit br\u00faka \u00eddna\u00f0arstandard krypteringsprotokollar, t\u00e1 vit m\u00f3ttaka og flyta t\u00ednar pers\u00f3nligu uppl\u00fdsingar. \u00cd roynd og veru, t\u00e1 t\u00fa sendir pers\u00f3nligar uppl\u00fdsingar til okkum umvegis interneti\u00f0, krevja vit fyrst, at ein &#8220;trygg session&#8221; ver\u00f0ur stovna\u00f0 vi\u00f0 Secure Socket Layer (SSL).<\/p><p>Vit stremba eftir at goyma t\u00ednar pers\u00f3nligu uppl\u00fdsingar \u00ed tryggum arbei\u00f0sumhv\u00f8rvi, sum ikki eru atkomiligar fyri almenningin, og at hava trygdartilt\u00f8k \u00ed okkara fysisku st\u00f8\u00f0um at verja \u00edm\u00f3ti missi, misbr\u00faki ella broyting av t\u00ednum pers\u00f3nligu uppl\u00fdsingum av okkara starvsf\u00f3lki ella tri\u00f0japartum.<\/p><p>T\u00f3 kann ongin d\u00e1tuflutningur um interneti\u00f0 ella d\u00e1tugoymsluumhv\u00f8rvi\u00f0 tryggjast at vera 100% tryggur, so vit kunnu ikki geva eina treytandi vissu um, at uppl\u00fdsingarnar, t\u00fa gevur okkum, alt\u00ed\u00f0 eru tryggar.\u00a0FaroeWay Adventures ver\u00f0ur ikki \u00e1byrgt fyri hendingum, sum standast av \u00f3heimila\u00f0um atgongd til t\u00ednar pers\u00f3nligu uppl\u00fdsingar.\u00a0FaroeWay Adventures l\u00edtur \u00e1, at t\u00fa sigur okkum fr\u00e1, um t\u00fa upplivir nakrar \u00f3vanligar hendingar, sum kunnu benda \u00e1 brot \u00ed t\u00ednari kunningartrygd. Vit fara s\u00ed\u00f0ani at royna at kanna, um trygdarbroti\u00f0 hev\u00f0i samband vi\u00f0 d\u00e1tuflutningarnar fr\u00e1 ella til FaroeWay Adventures og siga t\u00e6r\/tykkum, hv\u00f8rji stig kunnu ver\u00f0a tikin og eru tikin fyri at hj\u00e1lpa til at r\u00e6tta trupulleikan. Fleiri ger\u00f0ir, so sum at bo\u00f0a fr\u00e1 tilbur\u00f0um til l\u00f8gregluna ella a\u00f0rar r\u00e6ttiligar myndugleikar, kunnu eisini vera ney\u00f0ugar.<\/p><h2>Broytingar \u00ed okkara privatl\u00edvspolitikki<\/h2><p>Vit vita, at okkara fyrit\u00f8ka fer at halda fram at mennast, so hv\u00f8rt vit koma vi\u00f0 n\u00fdggjum v\u00f8rum, og sum sl\u00edk kann henda privatl\u00edvspolitikkurin av og \u00e1 ver\u00f0a endursko\u00f0a\u00f0ur og endursko\u00f0a\u00f0ur.\u00a0FaroeWay Adventures \u00e1skilur s\u00e6r r\u00e6tt til at broyta hesar privatl\u00edvsreglurnar vi\u00f0 at leggja broytingarnar \u00fat \u00e1 s\u00edna heimas\u00ed\u00f0u.<\/p>\t\t\t\t\t\t\t\t<\/div>\n\t\t\t\t<\/div>\n\t\t\t\t\t<\/div>\n\t\t<\/div>\n\t\t\t\t\t<\/div>\n\t\t<\/section>\n\t\t\t\t<\/div>\n\t\t","protected":false},"excerpt":{"rendered":"<p>Politikkur um privatl\u00edv Uppdag F\u00e6royar saman vi\u00f0 okkum Fr\u00e1 ey\u00f0kendum kennileitum til fjaldar gimsteinar, vit taka teg hagar. FaroeWay Adventures vir\u00f0ir hugverkar\u00e6ttindi hj\u00e1 \u00f8\u00f0rum og gevur seg av fullum huga til at hj\u00e1lpa tri\u00f0japartum at verja teirra r\u00e6ttindi. Okkara treytir banna br\u00fakarum at leggja \u00fat innihald, sum br\u00fdtur hugverkar\u00e6ttindini hj\u00e1 \u00f8\u00f0rum parti. T\u00e1 vit f\u00e1a [&hellip;]<\/p>\n","protected":false},"author":1,"featured_media":0,"parent":0,"menu_order":0,"comment_status":"closed","ping_status":"closed","template":"","meta":{"site-sidebar-layout":"no-sidebar","site-content-layout":"page-builder","ast-site-content-layout":"","site-content-style":"default","site-sidebar-style":"default","ast-global-header-display":"","ast-banner-title-visibility":"","ast-main-header-display":"","ast-hfb-above-header-display":"","ast-hfb-below-header-display":"","ast-hfb-mobile-header-display":"","site-post-title":"disabled","ast-breadcrumbs-content":"","ast-featured-img":"disabled","footer-sml-layout":"","theme-transparent-header-meta":"enabled","adv-header-id-meta":"","stick-header-meta":"","header-above-stick-meta":"","header-main-stick-meta":"","header-below-stick-meta":"","astra-migrate-meta-layouts":"default","ast-page-background-enabled":"default","ast-page-background-meta":{"desktop":{"background-color":"","background-image":"","background-repeat":"repeat","background-position":"center center","background-size":"auto","background-attachment":"scroll","background-type":"","background-media":"","overlay-type":"","overlay-color":"","overlay-opacity":"","overlay-gradient":""},"tablet":{"background-color":"","background-image":"","background-repeat":"repeat","background-position":"center center","background-size":"auto","background-attachment":"scroll","background-type":"","background-media":"","overlay-type":"","overlay-color":"","overlay-opacity":"","overlay-gradient":""},"mobile":{"background-color":"","background-image":"","background-repeat":"repeat","background-position":"center center","background-size":"auto","background-attachment":"scroll","background-type":"","background-media":"","overlay-type":"","overlay-color":"","overlay-opacity":"","overlay-gradient":""}},"ast-content-background-meta":{"desktop":{"background-color":"var(--ast-global-color-5)","background-image":"","background-repeat":"repeat","background-position":"center center","background-size":"auto","background-attachment":"scroll","background-type":"","background-media":"","overlay-type":"","overlay-color":"","overlay-opacity":"","overlay-gradient":""},"tablet":{"background-color":"var(--ast-global-color-5)","background-image":"","background-repeat":"repeat","background-position":"center center","background-size":"auto","background-attachment":"scroll","background-type":"","background-media":"","overlay-type":"","overlay-color":"","overlay-opacity":"","overlay-gradient":""},"mobile":{"background-color":"var(--ast-global-color-5)","background-image":"","background-repeat":"repeat","background-position":"center center","background-size":"auto","background-attachment":"scroll","background-type":"","background-media":"","overlay-type":"","overlay-color":"","overlay-opacity":"","overlay-gradient":""}},"footnotes":""},"class_list":["post-3383","page","type-page","status-publish","hentry"],"_links":{"self":[{"href":"https:\/\/faroeway.fo\/fo-fo\/wp-json\/wp\/v2\/pages\/3383","targetHints":{"allow":["GET"]}}],"collection":[{"href":"https:\/\/faroeway.fo\/fo-fo\/wp-json\/wp\/v2\/pages"}],"about":[{"href":"https:\/\/faroeway.fo\/fo-fo\/wp-json\/wp\/v2\/types\/page"}],"author":[{"embeddable":true,"href":"https:\/\/faroeway.fo\/fo-fo\/wp-json\/wp\/v2\/users\/1"}],"replies":[{"embeddable":true,"href":"https:\/\/faroeway.fo\/fo-fo\/wp-json\/wp\/v2\/comments?post=3383"}],"version-history":[{"count":3,"href":"https:\/\/faroeway.fo\/fo-fo\/wp-json\/wp\/v2\/pages\/3383\/revisions"}],"predecessor-version":[{"id":3479,"href":"https:\/\/faroeway.fo\/fo-fo\/wp-json\/wp\/v2\/pages\/3383\/revisions\/3479"}],"wp:attachment":[{"href":"https:\/\/faroeway.fo\/fo-fo\/wp-json\/wp\/v2\/media?parent=3383"}],"curies":[{"name":"wp","href":"https:\/\/api.w.org\/{rel}","templated":true}]}}