{"id":2603,"date":"2024-09-23T17:03:45","date_gmt":"2024-09-23T17:03:45","guid":{"rendered":"https:\/\/faroeway.fo\/?post_type=product&#038;p=2603"},"modified":"2024-09-23T17:09:33","modified_gmt":"2024-09-23T17:09:33","slug":"vestnorden-2024-kalsoy-island-classic-tour-northern-isles","status":"publish","type":"product","link":"https:\/\/faroeway.fo\/da\/vare\/vestnorden-2024-kalsoy-island-classic-tour-northern-isles\/","title":{"rendered":"Vestnorden 2024 Kalsoy Island Classic Tour | Northern Isles"},"content":{"rendered":"<div data-contents=\"true\">\n<div class=\"\" data-block=\"true\" data-editor=\"c10cc\" data-offset-key=\"1aein-0-0\">\n<div class=\"public-DraftStyleDefault-block public-DraftStyleDefault-ltr\" data-offset-key=\"1aein-0-0\"><span data-offset-key=\"1aein-0-0\">A whole day&#8217;s guided tour visiting the islands of Eysturoy, Bor\u00f0oy, Kalsoy, and Vi\u00f0oy. Relax while the local tour guide points out all the most beautiful views along the tour and the many Photostops en route.<\/span><\/div>\n<\/div>\n<div class=\"\" data-block=\"true\" data-editor=\"c10cc\" data-offset-key=\"f82f2-0-0\">\n<div class=\"public-DraftStyleDefault-block public-DraftStyleDefault-ltr\" data-offset-key=\"f82f2-0-0\"><span data-offset-key=\"f82f2-0-0\">Sail on a small ferry (Tickets are included) to the beautiful Kalsoy island, where we will visit Tr\u00f8llanes, Mikladalur, H\u00fasar, and Sy\u00f0radalur.<\/span><\/div>\n<\/div>\n<div class=\"\" data-block=\"true\" data-editor=\"c10cc\" data-offset-key=\"839ot-0-0\">\n<div class=\"public-DraftStyleDefault-block public-DraftStyleDefault-ltr\" data-offset-key=\"839ot-0-0\"><span data-offset-key=\"839ot-0-0\">In Tr\u00f8llanes you can visit the tiny kiosk and visit the VIP Viewpoint of the Puffins and other sea birds nesting nearby.\u00a0<\/span><\/div>\n<\/div>\n<div class=\"\" data-block=\"true\" data-editor=\"c10cc\" data-offset-key=\"178qs-0-0\">\n<div class=\"public-DraftStyleDefault-block public-DraftStyleDefault-ltr\" data-offset-key=\"178qs-0-0\"><span data-offset-key=\"178qs-0-0\">Here you can also take the<\/span><span data-offset-key=\"178qs-0-1\"> OPTIONAL<\/span> <span data-offset-key=\"178qs-0-3\">EXTRA<\/span><span data-offset-key=\"178qs-0-4\"> guided hike to Kallur Lighthouse and the famous James Bond Memorial.<\/span><\/div>\n<\/div>\n<div class=\"\" data-block=\"true\" data-editor=\"c10cc\" data-offset-key=\"bvi9e-0-0\">\n<div class=\"public-DraftStyleDefault-block public-DraftStyleDefault-ltr\" data-offset-key=\"bvi9e-0-0\"><span data-offset-key=\"bvi9e-0-0\">Those doing the hike will visit the VIP Viewpoint of the Puffins near the Argh\u00fas Cabin on their return.<\/span><\/div>\n<\/div>\n<div class=\"\" data-block=\"true\" data-editor=\"c10cc\" data-offset-key=\"9pfol-0-0\">\n<div class=\"public-DraftStyleDefault-block public-DraftStyleDefault-ltr\" data-offset-key=\"9pfol-0-0\"><span data-offset-key=\"9pfol-0-0\">There is also the <\/span><span data-offset-key=\"9pfol-0-1\">OPTIONAL<\/span> <span data-offset-key=\"9pfol-0-3\">EXTRA<\/span><span data-offset-key=\"9pfol-0-4\"> to stay in the village rather than do the hike and relax in the Argh\u00fas Cabin, right in the local Puffin colony. Enjoy a relaxing moment with Coffee and waffles from the small local village Kiosk (included in the price) while enjoying the Puffins right outside the window.<\/span><\/div>\n<\/div>\n<div class=\"\" data-block=\"true\" data-editor=\"c10cc\" data-offset-key=\"38pkf-0-0\">\n<div class=\"public-DraftStyleDefault-block public-DraftStyleDefault-ltr\" data-offset-key=\"38pkf-0-0\"><span data-offset-key=\"38pkf-0-0\">Please note: There is Limited Access to the local Puffin Colony. Only available through our tours!<\/span><\/div>\n<\/div>\n<div class=\"\" data-block=\"true\" data-editor=\"c10cc\" data-offset-key=\"64ln-0-0\">\n<div class=\"public-DraftStyleDefault-block public-DraftStyleDefault-ltr\" data-offset-key=\"64ln-0-0\"><span data-offset-key=\"64ln-0-0\">From Tr\u00f8llanes you will visit the gorgeous Dj\u00fapadalur secret valley before coming to Mikladalur.<\/span><\/div>\n<\/div>\n<div class=\"\" data-block=\"true\" data-editor=\"c10cc\" data-offset-key=\"3hkvc-0-0\">\n<div class=\"public-DraftStyleDefault-block public-DraftStyleDefault-ltr\" data-offset-key=\"3hkvc-0-0\"><span data-offset-key=\"3hkvc-0-0\">The next stop, Mikladalur, is the home of the famous Seal Woman statue. Join us at the wonderful Caf\u00e9 Edge right above the Seal Woman for your complimentary lunch. They will be serving you the choice of either\u00a0<\/span><\/div>\n<\/div>\n<div class=\"\" data-block=\"true\" data-editor=\"c10cc\" data-offset-key=\"591ei-0-0\">\n<div class=\"public-DraftStyleDefault-block public-DraftStyleDefault-ltr\" data-offset-key=\"591ei-0-0\"><span data-offset-key=\"591ei-0-0\">-Braised Toast with Salmon, Mustard Caviar and Dild,<\/span><\/div>\n<\/div>\n<div class=\"\" data-block=\"true\" data-editor=\"c10cc\" data-offset-key=\"a2tk9-0-0\">\n<div class=\"public-DraftStyleDefault-block public-DraftStyleDefault-ltr\" data-offset-key=\"a2tk9-0-0\"><span data-offset-key=\"a2tk9-0-0\">-E\u00f0ge Soup (Chicken or Fish) with Vegetables and homebaked Bread or\u00a0<\/span><\/div>\n<\/div>\n<div class=\"\" data-block=\"true\" data-editor=\"c10cc\" data-offset-key=\"2tcs7-0-0\">\n<div class=\"public-DraftStyleDefault-block public-DraftStyleDefault-ltr\" data-offset-key=\"2tcs7-0-0\"><span data-offset-key=\"2tcs7-0-0\">-Faroese Ryebread with Faroese Toppings.<\/span><\/div>\n<\/div>\n<div class=\"\" data-block=\"true\" data-editor=\"c10cc\" data-offset-key=\"ft55r-0-0\">\n<div class=\"public-DraftStyleDefault-block public-DraftStyleDefault-ltr\" data-offset-key=\"ft55r-0-0\"><span data-offset-key=\"ft55r-0-0\">Water and\/or Sodas are included in the price. Beer or Wine is available to purchase at the Caf\u00e9.<\/span><\/div>\n<\/div>\n<div class=\"\" data-block=\"true\" data-editor=\"c10cc\" data-offset-key=\"45rat-0-0\">\n<div class=\"public-DraftStyleDefault-block public-DraftStyleDefault-ltr\" data-offset-key=\"45rat-0-0\"><span data-offset-key=\"45rat-0-0\">\u00a0<\/span><\/div>\n<\/div>\n<div class=\"\" data-block=\"true\" data-editor=\"c10cc\" data-offset-key=\"a5vru-0-0\">\n<div class=\"public-DraftStyleDefault-block public-DraftStyleDefault-ltr\" data-offset-key=\"a5vru-0-0\"><span data-offset-key=\"a5vru-0-0\">On the way back to the Ferry you will stop in Sy\u00f0radalur which offers a beautiful Memorial to locals who have died at sea and a beautiful short walk down through the village to the Ferry.<\/span><\/div>\n<\/div>\n<div class=\"\" data-block=\"true\" data-editor=\"c10cc\" data-offset-key=\"b8h4t-0-0\">\n<div class=\"public-DraftStyleDefault-block public-DraftStyleDefault-ltr\" data-offset-key=\"b8h4t-0-0\"><span data-offset-key=\"b8h4t-0-0\">After arriving back in Klaksv\u00edk you will be driven further north to the most northern village in the Faroes, Vi\u00f0arei\u00f0i. There you will get to see many sights and take many pictures of the beautiful landscape and surrounding islands.<\/span><\/div>\n<\/div>\n<div class=\"\" data-block=\"true\" data-editor=\"c10cc\" data-offset-key=\"eube2-0-0\">\n<div class=\"public-DraftStyleDefault-block public-DraftStyleDefault-ltr\" data-offset-key=\"eube2-0-0\"><span data-offset-key=\"eube2-0-0\">After Vi\u00f0arei\u00f0i you will be taken back to T\u00f3rshavn and dropped off at your hotel or other designated location.<\/span><\/div>\n<\/div>\n<div class=\"\" data-block=\"true\" data-editor=\"c10cc\" data-offset-key=\"car0f-0-0\">\n<div class=\"public-DraftStyleDefault-block public-DraftStyleDefault-ltr\" data-offset-key=\"car0f-0-0\"><span data-offset-key=\"car0f-0-0\">This is sure to be a day you will not forget anytime soon.<\/span><\/div>\n<\/div>\n<div class=\"\" data-block=\"true\" data-editor=\"c10cc\" data-offset-key=\"heuq-0-0\">\n<div class=\"public-DraftStyleDefault-block public-DraftStyleDefault-ltr\" data-offset-key=\"heuq-0-0\"><span data-offset-key=\"heuq-0-0\">Please note that all <\/span><span data-offset-key=\"heuq-0-1\">OPTIONAL EXTRAS<\/span><span data-offset-key=\"heuq-0-2\"> are to be booked along with this tour or pay on-site!<\/span><\/div>\n<\/div>\n<div class=\"\" data-block=\"true\" data-editor=\"c10cc\" data-offset-key=\"80rs0-0-0\">\n<div class=\"public-DraftStyleDefault-block public-DraftStyleDefault-ltr\" data-offset-key=\"80rs0-0-0\"><span data-offset-key=\"80rs0-0-0\">DISCLAIMER: The Puffins are a true Seabird and only come on land during mating season, therefore you will only have a good chance to see Puffins between early May and mid-August.<\/span><\/div>\n<\/div>\n<\/div>\n<p>&nbsp;<\/p>\n<h3>What&#8217;s included?<\/h3>\n<ul>\n<li>Food &amp; drinks<\/li>\n<li>Entry or admission fee<\/li>\n<li>WiFi<\/li>\n<li>Bus fare<\/li>\n<\/ul>\n<h3 class=\"sc-hCxPwq lgUAKG\">Exclusions<\/h3>\n<div class=\"sc-dLnvEp dFrLlR\">\n<ul>\n<li>Hiking fee to the Kallur Lighthouse\/James Bond Memorial is an optional extra<\/li>\n<li><span data-offset-key=\"9pfol-0-4\">Entrance to Argh\u00fas Cabin, right in the local Puffin colony is an optional extra<br \/>\n<\/span><\/li>\n<\/ul>\n<\/div>\n<h3>Please note<\/h3>\n<ul>\n<li>Dress code<br \/>\nWe advise our customers to dress warm and bring waterproof clothing. Good outdoor hiking footwear is always advised.<\/li>\n<\/ul>\n<h3 class=\"sc-hCxPwq lgUAKG\">What do I need to bring?<\/h3>\n<div class=\"sc-dLnvEp dFrLlR\">\n<p>We advise our customers to dress warm and bring waterproof clothing. Good outdoor hiking footwear is always advised.<\/p>\n<\/div>\n<h3>Cancellation policy<\/h3>\n<ul>\n<li>We will charge a cancellation fee of 100% if the booking is canceled 1 day or less before\u00a0 the event<\/li>\n<li>We will charge a cancellation fee of 0% if the booking is canceled 1000 days or less before the event<\/li>\n<\/ul>\n<div class=\"ast-oembed-container \" style=\"height: 100%;\"><iframe title=\"Faroe Islands - James Bond Island\" width=\"500\" height=\"281\" src=\"https:\/\/www.youtube.com\/embed\/rt7CiS5i4HI?feature=oembed\" frameborder=\"0\" allow=\"accelerometer; autoplay; clipboard-write; encrypted-media; gyroscope; picture-in-picture; web-share\" referrerpolicy=\"strict-origin-when-cross-origin\" allowfullscreen><\/iframe><\/div>\n","protected":false},"excerpt":{"rendered":"<div class=\"sc-dcrKPa brbJBC ProductPageTitleWrapper\">\n<div class=\"sc-dXOhzo drldCo ProductPageExcerpt\" data-testid=\"excerpt\">The highlights of the Northern part of the Faroe Islands including Kalsoy Island.<\/div>\n<\/div>\n","protected":false},"featured_media":1554,"comment_status":"open","ping_status":"closed","template":"","meta":{"site-sidebar-layout":"default","site-content-layout":"","ast-site-content-layout":"default","site-content-style":"default","site-sidebar-style":"default","ast-global-header-display":"","ast-banner-title-visibility":"","ast-main-header-display":"","ast-hfb-above-header-display":"","ast-hfb-below-header-display":"","ast-hfb-mobile-header-display":"","site-post-title":"","ast-breadcrumbs-content":"","ast-featured-img":"","footer-sml-layout":"","theme-transparent-header-meta":"default","adv-header-id-meta":"","stick-header-meta":"","header-above-stick-meta":"","header-main-stick-meta":"","header-below-stick-meta":"","astra-migrate-meta-layouts":"set","ast-page-background-enabled":"default","ast-page-background-meta":{"desktop":{"background-color":"","background-image":"","background-repeat":"repeat","background-position":"center center","background-size":"auto","background-attachment":"scroll","background-type":"","background-media":"","overlay-type":"","overlay-color":"","overlay-opacity":"","overlay-gradient":""},"tablet":{"background-color":"","background-image":"","background-repeat":"repeat","background-position":"center center","background-size":"auto","background-attachment":"scroll","background-type":"","background-media":"","overlay-type":"","overlay-color":"","overlay-opacity":"","overlay-gradient":""},"mobile":{"background-color":"","background-image":"","background-repeat":"repeat","background-position":"center center","background-size":"auto","background-attachment":"scroll","background-type":"","background-media":"","overlay-type":"","overlay-color":"","overlay-opacity":"","overlay-gradient":""}},"ast-content-background-meta":{"desktop":{"background-color":"var(--ast-global-color-5)","background-image":"","background-repeat":"repeat","background-position":"center center","background-size":"auto","background-attachment":"scroll","background-type":"","background-media":"","overlay-type":"","overlay-color":"","overlay-opacity":"","overlay-gradient":""},"tablet":{"background-color":"var(--ast-global-color-5)","background-image":"","background-repeat":"repeat","background-position":"center center","background-size":"auto","background-attachment":"scroll","background-type":"","background-media":"","overlay-type":"","overlay-color":"","overlay-opacity":"","overlay-gradient":""},"mobile":{"background-color":"var(--ast-global-color-5)","background-image":"","background-repeat":"repeat","background-position":"center center","background-size":"auto","background-attachment":"scroll","background-type":"","background-media":"","overlay-type":"","overlay-color":"","overlay-opacity":"","overlay-gradient":""}}},"product_brand":[],"product_cat":[23],"product_tag":[],"class_list":{"0":"post-2603","1":"product","2":"type-product","3":"status-publish","4":"has-post-thumbnail","6":"product_cat-event","7":"desktop-align-left","8":"tablet-align-left","9":"mobile-align-left","11":"first","12":"instock","13":"virtual","14":"sold-individually","15":"purchasable","16":"product-type-booking"},"_links":{"self":[{"href":"https:\/\/faroeway.fo\/da\/wp-json\/wp\/v2\/product\/2603","targetHints":{"allow":["GET"]}}],"collection":[{"href":"https:\/\/faroeway.fo\/da\/wp-json\/wp\/v2\/product"}],"about":[{"href":"https:\/\/faroeway.fo\/da\/wp-json\/wp\/v2\/types\/product"}],"replies":[{"embeddable":true,"href":"https:\/\/faroeway.fo\/da\/wp-json\/wp\/v2\/comments?post=2603"}],"wp:featuredmedia":[{"embeddable":true,"href":"https:\/\/faroeway.fo\/da\/wp-json\/wp\/v2\/media\/1554"}],"wp:attachment":[{"href":"https:\/\/faroeway.fo\/da\/wp-json\/wp\/v2\/media?parent=2603"}],"wp:term":[{"taxonomy":"product_brand","embeddable":true,"href":"https:\/\/faroeway.fo\/da\/wp-json\/wp\/v2\/product_brand?post=2603"},{"taxonomy":"product_cat","embeddable":true,"href":"https:\/\/faroeway.fo\/da\/wp-json\/wp\/v2\/product_cat?post=2603"},{"taxonomy":"product_tag","embeddable":true,"href":"https:\/\/faroeway.fo\/da\/wp-json\/wp\/v2\/product_tag?post=2603"}],"curies":[{"name":"wp","href":"https:\/\/api.w.org\/{rel}","templated":true}]}}