{"id":2278,"date":"2024-02-12T07:18:27","date_gmt":"2024-02-12T07:18:27","guid":{"rendered":"https:\/\/faroeway.fo\/?post_type=product&#038;p=2278"},"modified":"2024-02-25T07:56:39","modified_gmt":"2024-02-25T07:56:39","slug":"private-tour-golden-circle-pt-1-vestmanna-bird-cliffs-saksun-tjornuvik-wonderful-streymoy","status":"publish","type":"product","link":"https:\/\/faroeway.fo\/da\/vare\/private-tour-golden-circle-pt-1-vestmanna-bird-cliffs-saksun-tjornuvik-wonderful-streymoy\/","title":{"rendered":"Private Tour &#8211; Golden Circle pt.1 | Vestmanna Bird Cliffs, Saksun &#038; Tjornuvik &#8211; Wonderful Streymoy"},"content":{"rendered":"<p>Spend a full day with your Tour Guide viewing the largest island in the Faroes.<\/p>\n<p>Tour starts in T\u00f3rshavn. From there you will drive to the city of Vestmanna, that lies on the North-Western coast of Streymoy.<\/p>\n<p>In Vestmanna you will take the Vestmanna Bird Cliffs Boat Tour (weather permitting). This exceptional tour gives you the wildest view of vertical cliffs, sea grottos, birds, free standing rock formations and maybe seals as well. Duration of the Boat Tour is app. 2 hours.<\/p>\n<p>Those that don&#8217;t have good sea-legs, we will offer an optional tour on land, driving high up into the mountain above Vestmanna. Up there you will see Dams and Windmills suppying electricity to a good portion of Streymoy, as well as beautiful vistas and valleys.<\/p>\n<p>On the return to Vestmanna, the group will enjoy a light lunch in the Vestmanna Tourist Center.<\/p>\n<p>From Vestmanna you will drive across the island and up the Eastern side through the longest Valley in the Faroes. At the end of this Valley you will arrive at the village of Saksun. Saksun offers one of the most spectacular sceneries in the Faroes, a beautiful Lagoon surrounded by high mountains with Waterfalls. There is also the second oldest Church in the Country and a 16th Century Farmhouse.<\/p>\n<p>Back on the road you will pass the villages of Hvalv\u00edk and Streymnes on your way to the remote village of Tj\u00f8rnuv\u00edk. Tj\u00f8rnuv\u00edk is one of the oldest settlements in the Faroes. Old graves found there in the 1950&#8217;s date back to the 9th Century. The view there is gorgeous and you can also see the Sea Stacks the Giant and the Witch, relating to an old Faroese Folktale. Tj\u00f8rnuv\u00edk is the prime location in the Faroes for Surfing activity.<\/p>\n<p>On the way back to T\u00f3rshavn you will stop to see the highest Waterfall in the Country, the 140 metre high Foss\u00e1.<\/p>\n<div class=\"sc-hlybe czyole Row\">\n<div class=\"sc-gFKxFI fWGIpE Inclusions\" data-testid=\"inclusions\">\n<div class=\"sc-fzHij bkROnj Row\">\n<div class=\"sc-gEXpur grDnhE Inclusions\" data-testid=\"inclusions\">\n<h3 class=\"sc-hCxPwq lgUAKG\">What&#8217;s included?<\/h3>\n<div class=\"sc-dLnvEp dFrLlR\">\n<ul>\n<li>Bus fare<\/li>\n<li>Food &amp; drinks<\/li>\n<li>Entry or admission fee<\/li>\n<li>WiFi<\/li>\n<\/ul>\n<\/div>\n<\/div>\n<\/div>\n<div class=\"sc-jvVxOG jjXNeD Attention\" data-testid=\"attention\">\n<h2 class=\"sc-crEIGF kkpcIK AttentionTitle\">Please note<\/h2>\n<ul class=\"KnowBeforeYouGoItems\">\n<li>Dress code<\/li>\n<\/ul>\n<div class=\"sc-bbBEzO evCPLk\">\n<p>We advise our customers to dress warm and bring waterproof clothing. Good outdoor hiking footwear is always advised.<\/p>\n<\/div>\n<\/div>\n<div class=\"sc-jvVxOG jjXNeD Requirements\" data-testid=\"requirements\">\n<h3 class=\"sc-hCxPwq lgUAKG\">What do I need to bring?<\/h3>\n<div class=\"sc-dLnvEp dFrLlR\">\n<p>We advise our customers to dress warm and bring waterproof clothing. Good outdoor hiking footwear is always advised.<\/p>\n<\/div>\n<\/div>\n<div class=\"CancellationPolicy\" data-testid=\"cancellation-policy\">\n<h2 class=\"sc-crEIGF kkpcIK\">Cancellation policy<\/h2>\n<div class=\"sc-bbBEzO evCPLk\">\n<div>\n<ul>\n<li>We will charge a cancellation fee of 100% if booking is cancelled 1 day or less before the event<\/li>\n<li>We will charge a cancellation fee of 0% if booking is cancelled 1000 days or less before the event<\/li>\n<\/ul>\n<\/div>\n<\/div>\n<\/div>\n<\/div>\n<\/div>\n","protected":false},"excerpt":{"rendered":"<p>Enjoy the Classic Adventure around the Northern parts of Streymoy<\/p>\n","protected":false},"featured_media":1563,"comment_status":"closed","ping_status":"closed","template":"","meta":{"site-sidebar-layout":"default","site-content-layout":"default","ast-site-content-layout":"default","site-content-style":"default","site-sidebar-style":"default","ast-global-header-display":"","ast-banner-title-visibility":"","ast-main-header-display":"","ast-hfb-above-header-display":"","ast-hfb-below-header-display":"","ast-hfb-mobile-header-display":"","site-post-title":"","ast-breadcrumbs-content":"","ast-featured-img":"","footer-sml-layout":"","theme-transparent-header-meta":"default","adv-header-id-meta":"","stick-header-meta":"","header-above-stick-meta":"","header-main-stick-meta":"","header-below-stick-meta":"","astra-migrate-meta-layouts":"set","ast-page-background-enabled":"default","ast-page-background-meta":{"desktop":{"background-color":"","background-image":"","background-repeat":"repeat","background-position":"center center","background-size":"auto","background-attachment":"scroll","background-type":"","background-media":"","overlay-type":"","overlay-color":"","overlay-opacity":"","overlay-gradient":""},"tablet":{"background-color":"","background-image":"","background-repeat":"repeat","background-position":"center center","background-size":"auto","background-attachment":"scroll","background-type":"","background-media":"","overlay-type":"","overlay-color":"","overlay-opacity":"","overlay-gradient":""},"mobile":{"background-color":"","background-image":"","background-repeat":"repeat","background-position":"center center","background-size":"auto","background-attachment":"scroll","background-type":"","background-media":"","overlay-type":"","overlay-color":"","overlay-opacity":"","overlay-gradient":""}},"ast-content-background-meta":{"desktop":{"background-color":"var(--ast-global-color-5)","background-image":"","background-repeat":"repeat","background-position":"center center","background-size":"auto","background-attachment":"scroll","background-type":"","background-media":"","overlay-type":"","overlay-color":"","overlay-opacity":"","overlay-gradient":""},"tablet":{"background-color":"var(--ast-global-color-5)","background-image":"","background-repeat":"repeat","background-position":"center center","background-size":"auto","background-attachment":"scroll","background-type":"","background-media":"","overlay-type":"","overlay-color":"","overlay-opacity":"","overlay-gradient":""},"mobile":{"background-color":"var(--ast-global-color-5)","background-image":"","background-repeat":"repeat","background-position":"center center","background-size":"auto","background-attachment":"scroll","background-type":"","background-media":"","overlay-type":"","overlay-color":"","overlay-opacity":"","overlay-gradient":""}}},"product_brand":[],"product_cat":[22],"product_tag":[],"class_list":{"0":"post-2278","1":"product","2":"type-product","3":"status-publish","4":"has-post-thumbnail","6":"product_cat-private-tour","7":"desktop-align-left","8":"tablet-align-left","9":"mobile-align-left","11":"first","12":"instock","13":"virtual","14":"sold-individually","15":"purchasable","16":"product-type-booking"},"_links":{"self":[{"href":"https:\/\/faroeway.fo\/da\/wp-json\/wp\/v2\/product\/2278","targetHints":{"allow":["GET"]}}],"collection":[{"href":"https:\/\/faroeway.fo\/da\/wp-json\/wp\/v2\/product"}],"about":[{"href":"https:\/\/faroeway.fo\/da\/wp-json\/wp\/v2\/types\/product"}],"replies":[{"embeddable":true,"href":"https:\/\/faroeway.fo\/da\/wp-json\/wp\/v2\/comments?post=2278"}],"wp:featuredmedia":[{"embeddable":true,"href":"https:\/\/faroeway.fo\/da\/wp-json\/wp\/v2\/media\/1563"}],"wp:attachment":[{"href":"https:\/\/faroeway.fo\/da\/wp-json\/wp\/v2\/media?parent=2278"}],"wp:term":[{"taxonomy":"product_brand","embeddable":true,"href":"https:\/\/faroeway.fo\/da\/wp-json\/wp\/v2\/product_brand?post=2278"},{"taxonomy":"product_cat","embeddable":true,"href":"https:\/\/faroeway.fo\/da\/wp-json\/wp\/v2\/product_cat?post=2278"},{"taxonomy":"product_tag","embeddable":true,"href":"https:\/\/faroeway.fo\/da\/wp-json\/wp\/v2\/product_tag?post=2278"}],"curies":[{"name":"wp","href":"https:\/\/api.w.org\/{rel}","templated":true}]}}