{"id":2272,"date":"2024-02-12T07:12:30","date_gmt":"2024-02-12T07:12:30","guid":{"rendered":"https:\/\/faroeway.fo\/?post_type=product&#038;p=2272"},"modified":"2024-02-25T07:57:27","modified_gmt":"2024-02-25T07:57:27","slug":"private-tour-northern-isles-of-the-faroes-kalsoy-island-classic-special-tour-6-islands-in-one-day","status":"publish","type":"product","link":"https:\/\/faroeway.fo\/da\/vare\/private-tour-northern-isles-of-the-faroes-kalsoy-island-classic-special-tour-6-islands-in-one-day\/","title":{"rendered":"Private Tour &#8211; Northern Isles of the Faroes + Kalsoy Island Classic | Special Tour \u2013 6 Islands In One Day"},"content":{"rendered":"<div class=\"sc-eZPMgf dgwATl DescriptionTitle\" data-testid=\"description\">\n<p>A whole days guided tour visiting the islands of Streymoy, Eysturoy, Bor\u00f0oy, Kalsoy, Kunoy and Vi\u00f0oy. Relax and listen to the stories and legends from the local tour guide. Sailing on a small ferry to the beautiful Kalsoy island, where we will visit Tr\u00f8llanes, Mikladalur, H\u00fasar and Sy\u00f0radalur.<\/p>\n<p>In Tr\u00f8llanes you will visit a local smithy &amp; Souvenir Shop. You can visit the tiny kiosk and maybe see some Puffins and other sea birds nesting near by. Here you will also be able to take the optional hike out to Kallur Lightouse, close to the famous James Bond Memorial. Those who don&#8217;t opt for the hike will have time to see the sights in the village and visit the nearby but very secretive Dj\u00fapadalur.<\/p>\n<p>Mikladalur is the home of the famous Seal Woman statue and Sy\u00f0radalur offers a beautiful Memorial to locals who have died at sea.<\/p>\n<p>We will board the ferry for Kalsoy in Klaksv\u00edk, the second-most populous city in the Faroes, and then we visit the quiet Kunoy and stunning Vi\u00f0oy. There we will see a few landmarks and enjoy some stunning scenery. This is sure to be a day you will not forget anytime soon.<\/p>\n<\/div>\n<div class=\"sc-hlybe czyole Row\"><\/div>\n<div class=\"CancellationPolicy\" data-testid=\"cancellation-policy\">\n<h2 class=\"sc-dDGttY ihUPA\">Cancellation policy<\/h2>\n<div class=\"sc-eZPMgf dgwATl\">\n<div>\n<ul>\n<li>We will charge a cancellation fee of 100% if booking is cancelled 1 day or less before the event<\/li>\n<li>We will charge a cancellation fee of 0% if booking is cancelled 1000 days or less before the event<\/li>\n<\/ul>\n<\/div>\n<\/div>\n<\/div>\n","protected":false},"excerpt":{"rendered":"<p>The highlights of the Northern part of the Faroe Islands<\/p>\n","protected":false},"featured_media":1554,"comment_status":"closed","ping_status":"closed","template":"","meta":{"site-sidebar-layout":"default","site-content-layout":"default","ast-site-content-layout":"default","site-content-style":"default","site-sidebar-style":"default","ast-global-header-display":"","ast-banner-title-visibility":"","ast-main-header-display":"","ast-hfb-above-header-display":"","ast-hfb-below-header-display":"","ast-hfb-mobile-header-display":"","site-post-title":"","ast-breadcrumbs-content":"","ast-featured-img":"","footer-sml-layout":"","theme-transparent-header-meta":"default","adv-header-id-meta":"","stick-header-meta":"","header-above-stick-meta":"","header-main-stick-meta":"","header-below-stick-meta":"","astra-migrate-meta-layouts":"set","ast-page-background-enabled":"default","ast-page-background-meta":{"desktop":{"background-color":"","background-image":"","background-repeat":"repeat","background-position":"center center","background-size":"auto","background-attachment":"scroll","background-type":"","background-media":"","overlay-type":"","overlay-color":"","overlay-opacity":"","overlay-gradient":""},"tablet":{"background-color":"","background-image":"","background-repeat":"repeat","background-position":"center center","background-size":"auto","background-attachment":"scroll","background-type":"","background-media":"","overlay-type":"","overlay-color":"","overlay-opacity":"","overlay-gradient":""},"mobile":{"background-color":"","background-image":"","background-repeat":"repeat","background-position":"center center","background-size":"auto","background-attachment":"scroll","background-type":"","background-media":"","overlay-type":"","overlay-color":"","overlay-opacity":"","overlay-gradient":""}},"ast-content-background-meta":{"desktop":{"background-color":"var(--ast-global-color-5)","background-image":"","background-repeat":"repeat","background-position":"center center","background-size":"auto","background-attachment":"scroll","background-type":"","background-media":"","overlay-type":"","overlay-color":"","overlay-opacity":"","overlay-gradient":""},"tablet":{"background-color":"var(--ast-global-color-5)","background-image":"","background-repeat":"repeat","background-position":"center center","background-size":"auto","background-attachment":"scroll","background-type":"","background-media":"","overlay-type":"","overlay-color":"","overlay-opacity":"","overlay-gradient":""},"mobile":{"background-color":"var(--ast-global-color-5)","background-image":"","background-repeat":"repeat","background-position":"center center","background-size":"auto","background-attachment":"scroll","background-type":"","background-media":"","overlay-type":"","overlay-color":"","overlay-opacity":"","overlay-gradient":""}}},"product_brand":[],"product_cat":[22],"product_tag":[],"class_list":{"0":"post-2272","1":"product","2":"type-product","3":"status-publish","4":"has-post-thumbnail","6":"product_cat-private-tour","7":"desktop-align-left","8":"tablet-align-left","9":"mobile-align-left","11":"first","12":"instock","13":"virtual","14":"sold-individually","15":"purchasable","16":"product-type-booking"},"_links":{"self":[{"href":"https:\/\/faroeway.fo\/da\/wp-json\/wp\/v2\/product\/2272","targetHints":{"allow":["GET"]}}],"collection":[{"href":"https:\/\/faroeway.fo\/da\/wp-json\/wp\/v2\/product"}],"about":[{"href":"https:\/\/faroeway.fo\/da\/wp-json\/wp\/v2\/types\/product"}],"replies":[{"embeddable":true,"href":"https:\/\/faroeway.fo\/da\/wp-json\/wp\/v2\/comments?post=2272"}],"wp:featuredmedia":[{"embeddable":true,"href":"https:\/\/faroeway.fo\/da\/wp-json\/wp\/v2\/media\/1554"}],"wp:attachment":[{"href":"https:\/\/faroeway.fo\/da\/wp-json\/wp\/v2\/media?parent=2272"}],"wp:term":[{"taxonomy":"product_brand","embeddable":true,"href":"https:\/\/faroeway.fo\/da\/wp-json\/wp\/v2\/product_brand?post=2272"},{"taxonomy":"product_cat","embeddable":true,"href":"https:\/\/faroeway.fo\/da\/wp-json\/wp\/v2\/product_cat?post=2272"},{"taxonomy":"product_tag","embeddable":true,"href":"https:\/\/faroeway.fo\/da\/wp-json\/wp\/v2\/product_tag?post=2272"}],"curies":[{"name":"wp","href":"https:\/\/api.w.org\/{rel}","templated":true}]}}