{"id":1825,"date":"2023-03-30T19:31:23","date_gmt":"2023-03-30T19:31:23","guid":{"rendered":"https:\/\/faroeway.fo\/?post_type=product&#038;p=1825"},"modified":"2025-07-07T19:51:09","modified_gmt":"2025-07-07T19:51:09","slug":"suduroy-the-untouched-pearl","status":"publish","type":"product","link":"https:\/\/faroeway.fo\/da\/vare\/suduroy-the-untouched-pearl\/","title":{"rendered":"Thursdays &#8211; Su\u00f0uroy | The Untouched Pearl"},"content":{"rendered":"<p>Early morning this Small Group Tour (1-18 passengers) departs from T\u00f3rshavn on the ferry M\/F Smyril. This is the largest inland ferry in the Faroes. The sailing time is two hours to the southernmost island of Su\u00f0uroy.<\/p>\n<p>The journey sails past the islands of Sandoy, St\u00f3ri D\u00edmun (with two families living on it), and the uninhabited L\u00edtli D\u00edmun.<\/p>\n<p>Upon arrival in Su\u00f0uroy, we start by driving to the village of Tv\u00f8royri. After departing Tv\u00f8royri we drive to the village of Hvalba. This is one of the most beautiful villages in the Faroe Islands. From there the scenic route takes us to the Northernmost village on Su\u00f0uroy named Sandv\u00edk.<\/p>\n<p>After spending some time in Sandv\u00edk we drive south to a village called F\u00e1mjin. The original Faroese flag is located inside the old Church there.<\/p>\n<p>The journey goes all the way to the Southernmost village of Sumba. Along the way, we will pass the villages of V\u00e1gur and Lopra.<\/p>\n<p>After exploring the village for a while we take another route back from Sumba. This drive takes us past stunning cliffs and the scenic and historic villages of Porkeri and Hov.<\/p>\n<p>After this, we head back to the ferry Smyril and the sail back to T\u00f3rshavn (Note: Some waiting time is to be expected for the ferry!)<\/p>\n<p>Onboard the return trip with the Ferry, you will be offered a warm meal in the cafeteria.<\/p>\n<div class=\"ast-oembed-container \" style=\"height: 100%;\"><iframe title=\"Su\u00f0uroy\" width=\"500\" height=\"281\" src=\"https:\/\/www.youtube.com\/embed\/ePh83m3c2C4?feature=oembed\" frameborder=\"0\" allow=\"accelerometer; autoplay; clipboard-write; encrypted-media; gyroscope; picture-in-picture; web-share\" referrerpolicy=\"strict-origin-when-cross-origin\" allowfullscreen><\/iframe><\/div>\n<div class=\"sc-hlybe czyole Row\">\n<div class=\"sc-gFKxFI fWGIpE Inclusions\" data-testid=\"inclusions\">\n<div class=\"sc-fzHij bkROnj Row\">\n<div class=\"sc-gEXpur grDnhE Inclusions\" data-testid=\"inclusions\">\n<h3 class=\"sc-hCxPwq lgUAKG\">What&#8217;s included?<\/h3>\n<div class=\"sc-dLnvEp dFrLlR\">\n<ul>\n<li>Ferry Tickets<\/li>\n<li>Meal &amp; Beverages<\/li>\n<li>Landing &amp; facility fees<\/li>\n<li>WiFi<\/li>\n<\/ul>\n<\/div>\n<\/div>\n<\/div>\n<div class=\"sc-jvVxOG jjXNeD Attention\" data-testid=\"attention\">\n<h2 class=\"sc-crEIGF kkpcIK AttentionTitle\">Please note<\/h2>\n<ul class=\"KnowBeforeYouGoItems\">\n<li>Dress code: We advise our customers to dress warm and bring waterproof clothing. Good outdoor hiking footwear is always advised.<\/li>\n<li>This tour is subject to change depending on the weather and providers.<\/li>\n<\/ul>\n<\/div>\n<div class=\"CancellationPolicy\" data-testid=\"cancellation-policy\">\n<h2 class=\"sc-crEIGF kkpcIK\">Cancellation policy<\/h2>\n<div class=\"sc-bbBEzO evCPLk\">\n<ul>\n<li>We will charge a cancellation fee of 100% if the booking is canceled 1 day or less before\u00a0 the event<\/li>\n<li>We will charge a cancellation fee of 0% if the booking is canceled more than 1 day before the event<\/li>\n<\/ul>\n<\/div>\n<\/div>\n<\/div>\n<\/div>\n<p>&nbsp;<\/p>\n","protected":false},"excerpt":{"rendered":"<p>Enjoy the Untouched Pearl of Su\u00f0uroy on this Small Group Tour (1-18 passengers)<\/p>\n","protected":false},"featured_media":2645,"comment_status":"closed","ping_status":"closed","template":"","meta":{"site-sidebar-layout":"default","site-content-layout":"default","ast-site-content-layout":"default","site-content-style":"default","site-sidebar-style":"default","ast-global-header-display":"","ast-banner-title-visibility":"","ast-main-header-display":"","ast-hfb-above-header-display":"","ast-hfb-below-header-display":"","ast-hfb-mobile-header-display":"","site-post-title":"","ast-breadcrumbs-content":"","ast-featured-img":"","footer-sml-layout":"","theme-transparent-header-meta":"default","adv-header-id-meta":"","stick-header-meta":"","header-above-stick-meta":"","header-main-stick-meta":"","header-below-stick-meta":"","astra-migrate-meta-layouts":"set","ast-page-background-enabled":"default","ast-page-background-meta":{"desktop":{"background-color":"","background-image":"","background-repeat":"repeat","background-position":"center center","background-size":"auto","background-attachment":"scroll","background-type":"","background-media":"","overlay-type":"","overlay-color":"","overlay-opacity":"","overlay-gradient":""},"tablet":{"background-color":"","background-image":"","background-repeat":"repeat","background-position":"center center","background-size":"auto","background-attachment":"scroll","background-type":"","background-media":"","overlay-type":"","overlay-color":"","overlay-opacity":"","overlay-gradient":""},"mobile":{"background-color":"","background-image":"","background-repeat":"repeat","background-position":"center center","background-size":"auto","background-attachment":"scroll","background-type":"","background-media":"","overlay-type":"","overlay-color":"","overlay-opacity":"","overlay-gradient":""}},"ast-content-background-meta":{"desktop":{"background-color":"var(--ast-global-color-5)","background-image":"","background-repeat":"repeat","background-position":"center center","background-size":"auto","background-attachment":"scroll","background-type":"","background-media":"","overlay-type":"","overlay-color":"","overlay-opacity":"","overlay-gradient":""},"tablet":{"background-color":"var(--ast-global-color-5)","background-image":"","background-repeat":"repeat","background-position":"center center","background-size":"auto","background-attachment":"scroll","background-type":"","background-media":"","overlay-type":"","overlay-color":"","overlay-opacity":"","overlay-gradient":""},"mobile":{"background-color":"var(--ast-global-color-5)","background-image":"","background-repeat":"repeat","background-position":"center center","background-size":"auto","background-attachment":"scroll","background-type":"","background-media":"","overlay-type":"","overlay-color":"","overlay-opacity":"","overlay-gradient":""}}},"product_brand":[],"product_cat":[21],"product_tag":[],"class_list":{"0":"post-1825","1":"product","2":"type-product","3":"status-publish","4":"has-post-thumbnail","6":"product_cat-day-trips-and-excursions","7":"desktop-align-left","8":"tablet-align-left","9":"mobile-align-left","11":"first","12":"instock","13":"virtual","14":"sold-individually","15":"purchasable","16":"product-type-booking"},"_links":{"self":[{"href":"https:\/\/faroeway.fo\/da\/wp-json\/wp\/v2\/product\/1825","targetHints":{"allow":["GET"]}}],"collection":[{"href":"https:\/\/faroeway.fo\/da\/wp-json\/wp\/v2\/product"}],"about":[{"href":"https:\/\/faroeway.fo\/da\/wp-json\/wp\/v2\/types\/product"}],"replies":[{"embeddable":true,"href":"https:\/\/faroeway.fo\/da\/wp-json\/wp\/v2\/comments?post=1825"}],"wp:featuredmedia":[{"embeddable":true,"href":"https:\/\/faroeway.fo\/da\/wp-json\/wp\/v2\/media\/2645"}],"wp:attachment":[{"href":"https:\/\/faroeway.fo\/da\/wp-json\/wp\/v2\/media?parent=1825"}],"wp:term":[{"taxonomy":"product_brand","embeddable":true,"href":"https:\/\/faroeway.fo\/da\/wp-json\/wp\/v2\/product_brand?post=1825"},{"taxonomy":"product_cat","embeddable":true,"href":"https:\/\/faroeway.fo\/da\/wp-json\/wp\/v2\/product_cat?post=1825"},{"taxonomy":"product_tag","embeddable":true,"href":"https:\/\/faroeway.fo\/da\/wp-json\/wp\/v2\/product_tag?post=1825"}],"curies":[{"name":"wp","href":"https:\/\/api.w.org\/{rel}","templated":true}]}}