{"id":3388,"date":"2023-02-12T22:03:22","date_gmt":"2023-02-12T22:03:22","guid":{"rendered":"https:\/\/faroeway.fo\/terms-conditions\/"},"modified":"2024-11-26T13:06:21","modified_gmt":"2024-11-26T13:06:21","slug":"terms-conditions","status":"publish","type":"page","link":"https:\/\/faroeway.fo\/da\/terms-conditions\/","title":{"rendered":"Terms &#038; Conditions"},"content":{"rendered":"\t\t<div data-elementor-type=\"wp-post\" data-elementor-id=\"3388\" class=\"elementor elementor-3388 elementor-1609\" data-elementor-settings=\"{&quot;ha_cmc_init_switcher&quot;:&quot;no&quot;}\" data-elementor-post-type=\"page\">\n\t\t\t\t\t\t<section class=\"elementor-section elementor-top-section elementor-element elementor-element-9a7cd34 elementor-section-boxed elementor-section-height-default elementor-section-height-default\" data-id=\"9a7cd34\" data-element_type=\"section\" data-e-type=\"section\" data-settings=\"{&quot;background_background&quot;:&quot;classic&quot;,&quot;shape_divider_bottom&quot;:&quot;waves&quot;,&quot;_ha_eqh_enable&quot;:false}\">\n\t\t\t\t\t\t\t<div class=\"elementor-background-overlay\"><\/div>\n\t\t\t\t\t\t<div class=\"elementor-shape elementor-shape-bottom\" aria-hidden=\"true\" data-negative=\"false\">\n\t\t\t<svg xmlns=\"http:\/\/www.w3.org\/2000\/svg\" viewBox=\"0 0 1000 100\" preserveAspectRatio=\"none\">\n\t<path class=\"elementor-shape-fill\" d=\"M421.9,6.5c22.6-2.5,51.5,0.4,75.5,5.3c23.6,4.9,70.9,23.5,100.5,35.7c75.8,32.2,133.7,44.5,192.6,49.7\n\tc23.6,2.1,48.7,3.5,103.4-2.5c54.7-6,106.2-25.6,106.2-25.6V0H0v30.3c0,0,72,32.6,158.4,30.5c39.2-0.7,92.8-6.7,134-22.4\n\tc21.2-8.1,52.2-18.2,79.7-24.2C399.3,7.9,411.6,7.5,421.9,6.5z\"\/>\n<\/svg>\t\t<\/div>\n\t\t\t\t\t<div class=\"elementor-container elementor-column-gap-default\">\n\t\t\t\t\t<div class=\"elementor-column elementor-col-100 elementor-top-column elementor-element elementor-element-3d5ce1b3\" data-id=\"3d5ce1b3\" data-element_type=\"column\" data-e-type=\"column\">\n\t\t\t<div class=\"elementor-widget-wrap elementor-element-populated\">\n\t\t\t\t\t\t<div class=\"elementor-element elementor-element-3dbb7851 elementor-widget elementor-widget-heading\" data-id=\"3dbb7851\" data-element_type=\"widget\" data-e-type=\"widget\" data-widget_type=\"heading.default\">\n\t\t\t\t<div class=\"elementor-widget-container\">\n\t\t\t\t\t<h1 class=\"elementor-heading-title elementor-size-default\">Vilk\u00e5r og Betingelser<\/h1>\t\t\t\t<\/div>\n\t\t\t\t<\/div>\n\t\t\t\t\t<\/div>\n\t\t<\/div>\n\t\t\t\t\t<\/div>\n\t\t<\/section>\n\t\t\t\t<section class=\"elementor-section elementor-top-section elementor-element elementor-element-37bebb29 elementor-section-boxed elementor-section-height-default elementor-section-height-default\" data-id=\"37bebb29\" data-element_type=\"section\" data-e-type=\"section\" data-settings=\"{&quot;_ha_eqh_enable&quot;:false}\">\n\t\t\t\t\t\t<div class=\"elementor-container elementor-column-gap-no\">\n\t\t\t\t\t<div class=\"elementor-column elementor-col-100 elementor-top-column elementor-element elementor-element-3c07d13c\" data-id=\"3c07d13c\" data-element_type=\"column\" data-e-type=\"column\">\n\t\t\t<div class=\"elementor-widget-wrap elementor-element-populated\">\n\t\t\t\t\t\t<div class=\"elementor-element elementor-element-f1deeec ha-has-bg-overlay elementor-widget elementor-widget-image-box\" data-id=\"f1deeec\" data-element_type=\"widget\" data-e-type=\"widget\" data-widget_type=\"image-box.default\">\n\t\t\t\t<div class=\"elementor-widget-container\">\n\t\t\t\t\t<div class=\"elementor-image-box-wrapper\"><div class=\"elementor-image-box-content\"><h2 class=\"elementor-image-box-title\">Oplev F\u00e6r\u00f8erne med os<\/h2><p class=\"elementor-image-box-description\">Vi tager dig med til alt fra ikoniske landem\u00e6rker til skjulte perler.<\/p><\/div><\/div>\t\t\t\t<\/div>\n\t\t\t\t<\/div>\n\t\t\t\t<div class=\"elementor-element elementor-element-025f246 elementor-widget elementor-widget-text-editor\" data-id=\"025f246\" data-element_type=\"widget\" data-e-type=\"widget\" data-widget_type=\"text-editor.default\">\n\t\t\t\t<div class=\"elementor-widget-container\">\n\t\t\t\t\t\t\t\t\t<h2>Politik for afbestilling<\/h2><p>Faroeway Adventures tilbyder venlige afbestillingsregler for aflysninger relateret til COVID-19 \u00e5rsager og force majeure.<\/p><p>Hvis du foretager en booking p\u00e5 vores hjemmeside faroeway.fo, men tester positivt, n\u00e5r du er p\u00e5 F\u00e6r\u00f8erne, eller hvis dit fly til F\u00e6r\u00f8erne aflyses p\u00e5 grund af COVID-19 eller en force majeure-grund som krig, jordsk\u00e6lv eller lignende, vil du f\u00e5 fuld refusion. Alternativt kan du v\u00e6lge at oml\u00e6gge din rejse til en anden dato.<\/p><p>Alle aflysninger skal ske via e-mail. Faroeway Adventures g\u00f8r alt for at sikre den bedste beskyttelse for kunden i tilf\u00e6lde af aflysninger.<\/p><h2>Dagsture<\/h2><p>Disse vilk\u00e5r g\u00e6lder for dagsture og aktiviteter, der er booket p\u00e5 Faroeway Adventures, n\u00e5r de afbestilles af den rejsende:<\/p><p>a) Ved afbestilling mere end 48 timer f\u00f8r aktivitetens start modtager du fuld refusion (betalingsudbyderen afholder et mindre bel\u00f8b til behandling af afbestillingen).<br \/>b) Ved afbestilling 48 timer eller mindre f\u00f8r aktivitetens start eller i tilf\u00e6lde af udeblivelse, ingen refusion.<br \/>Flerdages ture<\/p><p>Hvis du har brug for at justere dine rejseplaner til F\u00e6r\u00f8erne, bedes du venligst sende os en e-mail, s\u00e5 vil vi g\u00f8re vores bedste for at pr\u00e6sentere dig for en alternativ plan. Disse vilk\u00e5r g\u00e6lder for flerdagsture og feriepakker.<\/p><p>Mere end 7 dage f\u00f8r ankomst-\/turdato &#8211; 100 % refusion (betalingsudbyderen tager et mindre transaktionsgebyr)<br \/>3-7 dage f\u00f8r ankomst-\/turdato &#8211; 50 % refusion<br \/>Mindre end 48 timer f\u00f8r ankomst-\/turdato eller i tilf\u00e6lde af udeblivelse &#8211; ingen refusion<br \/>Aflysninger foretaget af Faroeway Adventures<\/p><p>Faroeway Adventures forbeholder sig ret til at aflyse p\u00e5 grund af d\u00e5rligt vejr og tekniske problemer. Bem\u00e6rk venligst, at det er Faroeway Adventures, der vurderer og tr\u00e6ffer beslutningen om at aflyse turen p\u00e5 grund af d\u00e5rligt vejr, ikke kunden. I dette tilf\u00e6lde fors\u00f8ger vi f\u00f8rst at finde en ny tid, og hvis det ikke er muligt, vil kunden blive refunderet (betalingsudbyderen tager et mindre transaktionsgebyr).<\/p><p>Ved at bruge faroeway.fo\u00a0eller et hvilket som helst Faroeway Adventures-tilknyttet websted, accepterer du at v\u00e6re juridisk bundet af disse vilk\u00e5r, som tr\u00e6der i kraft med det samme.<\/p><h2>Vilk\u00e5r og betingelser<\/h2><p>Hvis du ikke accepterer at v\u00e6re juridisk bundet af alle f\u00f8lgende vilk\u00e5r og betingelser, skal du ikke bruge Faroeway Adventures eller tilknyttede websteder.<\/p><p>Faroeway Adventures kan til enhver tid \u00e6ndre disse vilk\u00e5r og betingelser ved at offentligg\u00f8re \u00e6ndringer online. L\u00e6s venligst disse vilk\u00e5r og betingelser regelm\u00e6ssigt for at sikre, at du er opm\u00e6rksom p\u00e5 eventuelle \u00e6ndringer foretaget af Faroeway Adventures. Din fortsatte brug af Faroeway Adventures eller en Faroeway Adventures-tilknyttet hjemmeside, efter at \u00e6ndringer er offentliggjort, betyder, at du accepterer at v\u00e6re juridisk bundet af disse vilk\u00e5r som opdateret og\/eller \u00e6ndret.<\/p><p>Du m\u00e5 ikke kopiere, reproducere, genudgive, downloade, poste, udsende, transmittere, g\u00f8re tilg\u00e6ngeligt for offentligheden eller p\u00e5 anden m\u00e5de bruge indhold ejet af Faroeway Adventures (inklusive tekst, billeder, URL&#8217;er, prisoplysninger osv.) p\u00e5 nogen m\u00e5de undtagen til dit eget personlige brug.<\/p><p>Any commercial use of Faroeway Adventures content requires the prior written permission of Faroeway Adventures.<\/p><p>Du accepterer kun at bruge Faroeway Adventures eller Faroeway Adventures-tilknyttede websteder til lovlige form\u00e5l og p\u00e5 en m\u00e5de, der ikke kr\u00e6nker rettighederne til, begr\u00e6nser eller h\u00e6mmer andres brug og nydelse af Faroeway Adventures.<\/p><p>Din brug af Faroeway Adventures eller ethvert Faroeway Adventures-tilknyttet websted er beregnet til personlig brug og\/eller til at frems\u00e6tte legitime anmodninger om at booke de tilbudte produkter eller tjenester. Du accepterer ikke at bruge dette websted til at frems\u00e6tte spekulative, falske eller svigagtige anmodninger. Du accepterer ikke at bruge robotter eller andre automatiserede midler til at f\u00e5 adgang til dette websted, medmindre det specifikt er tilladt af Faroeway Adventures.<\/p><p>Du repr\u00e6senterer og garanterer, at du (a) ikke tidligere er blevet suspenderet af Faroeway Adventures eller p\u00e5 anden m\u00e5de blevet forbudt fra siden; (b) ikke er en direkte konkurrent til Faroeway Adventures; (c) at du har fuld bef\u00f8jelse og bemyndigelse til at indg\u00e5 i disse Servicevilk\u00e5r og ved at g\u00f8re det ikke vil kr\u00e6nke nogen anden aftale, som du er part i.<\/p>\t\t\t\t\t\t\t\t<\/div>\n\t\t\t\t<\/div>\n\t\t\t\t\t<\/div>\n\t\t<\/div>\n\t\t\t\t\t<\/div>\n\t\t<\/section>\n\t\t\t\t<\/div>\n\t\t","protected":false},"excerpt":{"rendered":"<p>Vilk\u00e5r og Betingelser Oplev F\u00e6r\u00f8erne med os Vi tager dig med til alt fra ikoniske landem\u00e6rker til skjulte perler. Politik for afbestilling Faroeway Adventures tilbyder venlige afbestillingsregler for aflysninger relateret til COVID-19 \u00e5rsager og force majeure. Hvis du foretager en booking p\u00e5 vores hjemmeside faroeway.fo, men tester positivt, n\u00e5r du er p\u00e5 F\u00e6r\u00f8erne, eller hvis [&hellip;]<\/p>\n","protected":false},"author":1,"featured_media":0,"parent":0,"menu_order":0,"comment_status":"closed","ping_status":"closed","template":"","meta":{"site-sidebar-layout":"no-sidebar","site-content-layout":"page-builder","ast-site-content-layout":"","site-content-style":"default","site-sidebar-style":"default","ast-global-header-display":"","ast-banner-title-visibility":"","ast-main-header-display":"","ast-hfb-above-header-display":"","ast-hfb-below-header-display":"","ast-hfb-mobile-header-display":"","site-post-title":"disabled","ast-breadcrumbs-content":"","ast-featured-img":"disabled","footer-sml-layout":"","theme-transparent-header-meta":"enabled","adv-header-id-meta":"","stick-header-meta":"","header-above-stick-meta":"","header-main-stick-meta":"","header-below-stick-meta":"","astra-migrate-meta-layouts":"default","ast-page-background-enabled":"default","ast-page-background-meta":{"desktop":{"background-color":"","background-image":"","background-repeat":"repeat","background-position":"center center","background-size":"auto","background-attachment":"scroll","background-type":"","background-media":"","overlay-type":"","overlay-color":"","overlay-opacity":"","overlay-gradient":""},"tablet":{"background-color":"","background-image":"","background-repeat":"repeat","background-position":"center center","background-size":"auto","background-attachment":"scroll","background-type":"","background-media":"","overlay-type":"","overlay-color":"","overlay-opacity":"","overlay-gradient":""},"mobile":{"background-color":"","background-image":"","background-repeat":"repeat","background-position":"center center","background-size":"auto","background-attachment":"scroll","background-type":"","background-media":"","overlay-type":"","overlay-color":"","overlay-opacity":"","overlay-gradient":""}},"ast-content-background-meta":{"desktop":{"background-color":"var(--ast-global-color-5)","background-image":"","background-repeat":"repeat","background-position":"center center","background-size":"auto","background-attachment":"scroll","background-type":"","background-media":"","overlay-type":"","overlay-color":"","overlay-opacity":"","overlay-gradient":""},"tablet":{"background-color":"var(--ast-global-color-5)","background-image":"","background-repeat":"repeat","background-position":"center center","background-size":"auto","background-attachment":"scroll","background-type":"","background-media":"","overlay-type":"","overlay-color":"","overlay-opacity":"","overlay-gradient":""},"mobile":{"background-color":"var(--ast-global-color-5)","background-image":"","background-repeat":"repeat","background-position":"center center","background-size":"auto","background-attachment":"scroll","background-type":"","background-media":"","overlay-type":"","overlay-color":"","overlay-opacity":"","overlay-gradient":""}},"footnotes":""},"class_list":["post-3388","page","type-page","status-publish","hentry"],"_links":{"self":[{"href":"https:\/\/faroeway.fo\/da\/wp-json\/wp\/v2\/pages\/3388","targetHints":{"allow":["GET"]}}],"collection":[{"href":"https:\/\/faroeway.fo\/da\/wp-json\/wp\/v2\/pages"}],"about":[{"href":"https:\/\/faroeway.fo\/da\/wp-json\/wp\/v2\/types\/page"}],"author":[{"embeddable":true,"href":"https:\/\/faroeway.fo\/da\/wp-json\/wp\/v2\/users\/1"}],"replies":[{"embeddable":true,"href":"https:\/\/faroeway.fo\/da\/wp-json\/wp\/v2\/comments?post=3388"}],"version-history":[{"count":3,"href":"https:\/\/faroeway.fo\/da\/wp-json\/wp\/v2\/pages\/3388\/revisions"}],"predecessor-version":[{"id":3433,"href":"https:\/\/faroeway.fo\/da\/wp-json\/wp\/v2\/pages\/3388\/revisions\/3433"}],"wp:attachment":[{"href":"https:\/\/faroeway.fo\/da\/wp-json\/wp\/v2\/media?parent=3388"}],"curies":[{"name":"wp","href":"https:\/\/api.w.org\/{rel}","templated":true}]}}