{"id":3380,"date":"2023-02-12T22:00:21","date_gmt":"2023-02-12T22:00:21","guid":{"rendered":"https:\/\/faroeway.fo\/privacy-policy\/"},"modified":"2024-11-26T12:59:53","modified_gmt":"2024-11-26T12:59:53","slug":"privacy-policy","status":"publish","type":"page","link":"https:\/\/faroeway.fo\/da\/privacy-policy\/","title":{"rendered":"Privacy Policy"},"content":{"rendered":"\t\t<div data-elementor-type=\"wp-post\" data-elementor-id=\"3380\" class=\"elementor elementor-3380 elementor-1604\" data-elementor-settings=\"{&quot;ha_cmc_init_switcher&quot;:&quot;no&quot;}\" data-elementor-post-type=\"page\">\n\t\t\t\t\t\t<section class=\"elementor-section elementor-top-section elementor-element elementor-element-9a7cd34 elementor-section-boxed elementor-section-height-default elementor-section-height-default\" data-id=\"9a7cd34\" data-element_type=\"section\" data-e-type=\"section\" data-settings=\"{&quot;background_background&quot;:&quot;classic&quot;,&quot;shape_divider_bottom&quot;:&quot;waves&quot;,&quot;_ha_eqh_enable&quot;:false}\">\n\t\t\t\t\t\t\t<div class=\"elementor-background-overlay\"><\/div>\n\t\t\t\t\t\t<div class=\"elementor-shape elementor-shape-bottom\" aria-hidden=\"true\" data-negative=\"false\">\n\t\t\t<svg xmlns=\"http:\/\/www.w3.org\/2000\/svg\" viewBox=\"0 0 1000 100\" preserveAspectRatio=\"none\">\n\t<path class=\"elementor-shape-fill\" d=\"M421.9,6.5c22.6-2.5,51.5,0.4,75.5,5.3c23.6,4.9,70.9,23.5,100.5,35.7c75.8,32.2,133.7,44.5,192.6,49.7\n\tc23.6,2.1,48.7,3.5,103.4-2.5c54.7-6,106.2-25.6,106.2-25.6V0H0v30.3c0,0,72,32.6,158.4,30.5c39.2-0.7,92.8-6.7,134-22.4\n\tc21.2-8.1,52.2-18.2,79.7-24.2C399.3,7.9,411.6,7.5,421.9,6.5z\"\/>\n<\/svg>\t\t<\/div>\n\t\t\t\t\t<div class=\"elementor-container elementor-column-gap-default\">\n\t\t\t\t\t<div class=\"elementor-column elementor-col-100 elementor-top-column elementor-element elementor-element-3d5ce1b3\" data-id=\"3d5ce1b3\" data-element_type=\"column\" data-e-type=\"column\">\n\t\t\t<div class=\"elementor-widget-wrap elementor-element-populated\">\n\t\t\t\t\t\t<div class=\"elementor-element elementor-element-3dbb7851 elementor-widget elementor-widget-heading\" data-id=\"3dbb7851\" data-element_type=\"widget\" data-e-type=\"widget\" data-widget_type=\"heading.default\">\n\t\t\t\t<div class=\"elementor-widget-container\">\n\t\t\t\t\t<h1 class=\"elementor-heading-title elementor-size-default\">Privatlivspolitik<\/h1>\t\t\t\t<\/div>\n\t\t\t\t<\/div>\n\t\t\t\t\t<\/div>\n\t\t<\/div>\n\t\t\t\t\t<\/div>\n\t\t<\/section>\n\t\t\t\t<section class=\"elementor-section elementor-top-section elementor-element elementor-element-37bebb29 elementor-section-boxed elementor-section-height-default elementor-section-height-default\" data-id=\"37bebb29\" data-element_type=\"section\" data-e-type=\"section\" data-settings=\"{&quot;_ha_eqh_enable&quot;:false}\">\n\t\t\t\t\t\t<div class=\"elementor-container elementor-column-gap-no\">\n\t\t\t\t\t<div class=\"elementor-column elementor-col-100 elementor-top-column elementor-element elementor-element-3c07d13c\" data-id=\"3c07d13c\" data-element_type=\"column\" data-e-type=\"column\">\n\t\t\t<div class=\"elementor-widget-wrap elementor-element-populated\">\n\t\t\t\t\t\t<div class=\"elementor-element elementor-element-f1deeec ha-has-bg-overlay elementor-widget elementor-widget-image-box\" data-id=\"f1deeec\" data-element_type=\"widget\" data-e-type=\"widget\" data-widget_type=\"image-box.default\">\n\t\t\t\t<div class=\"elementor-widget-container\">\n\t\t\t\t\t<div class=\"elementor-image-box-wrapper\"><div class=\"elementor-image-box-content\"><h2 class=\"elementor-image-box-title\">Oplev F\u00e6r\u00f8erne med os<\/h2><p class=\"elementor-image-box-description\">Vi tager dig med til alt fra ikoniske landem\u00e6rker til skjulte perler.<\/p><\/div><\/div>\t\t\t\t<\/div>\n\t\t\t\t<\/div>\n\t\t\t\t<div class=\"elementor-element elementor-element-025f246 elementor-widget elementor-widget-text-editor\" data-id=\"025f246\" data-element_type=\"widget\" data-e-type=\"widget\" data-widget_type=\"text-editor.default\">\n\t\t\t\t<div class=\"elementor-widget-container\">\n\t\t\t\t\t\t\t\t\t<p>FaroeWay Adventures respekterer andres intellektuelle ejendomsrettigheder og er forpligtet til at hj\u00e6lpe tredjeparter med at beskytte deres rettigheder.<\/p><p>Vores vilk\u00e5r og betingelser forbyder brugere at sende indhold, der kr\u00e6nker en anden parts intellektuelle ejendomsrettigheder. N\u00e5r vi modtager en meddelelse om kr\u00e6nkelse, fjerner eller deaktiverer vi straks adgangen til det angiveligt kr\u00e6nkende indhold. Vi opsiger ogs\u00e5 konti for gentagne kr\u00e6nkere under passende omst\u00e6ndigheder.<\/p><p>Hvis du mener, at dine rettigheder er blevet kr\u00e6nket p\u00e5 FaroeWay Adventures, bedes du kontakte os p\u00e5 booking@faroeway.fo, og vi vil henvise dig korrekt eller, hvis du \u00f8nsker det, straks fjerne dit indhold fra hjemmesiden.<\/p><h2>Politik for beskyttelse af personlige oplysninger<\/h2><p>Vi har udarbejdet denne privatlivspolitik for at hj\u00e6lpe dig med at forst\u00e5, hvordan FaroeWay Adventures indsamler, bruger og s\u00f8ger at beskytte de personlige oplysninger (som defineret nedenfor), som du giver os p\u00e5 vores websteder, via e-mail og gennem vores tjenesteudbydere og distributionspartnere. Denne fortrolighedspolitik omhandler ikke, og vi er ikke ansvarlige for, tredjeparters fortrolighed, information eller anden praksis, herunder tredjeparts distributionspartnere, leverand\u00f8rer og rejsearrang\u00f8rer og enhver tredjepart, der driver ethvert websted, som vores websteder indeholder et link til. Ved at downloade, f\u00e5 adgang til eller bruge vores websteder eller give os oplysninger i forbindelse med vores websteder accepterer du vilk\u00e5rene og betingelserne i denne privatlivspolitik.<\/p><h2>Hvilke oplysninger indsamler vi?<\/h2><p>Vi indsamler to typer oplysninger fra dig p\u00e5 vores hjemmesider, via e-mail og gennem vores tjenesteudbydere og distributionspartnere. Personlige oplysninger er oplysninger, der identificerer dig personligt, f.eks. dit navn og din e-mailadresse. Vi indsamler ogs\u00e5 andre oplysninger, der ikke identificerer dig personligt, som f.eks. k\u00f8n, bop\u00e6lsland og andre demografiske oplysninger.<\/p><p>For at k\u00f8be vores produkter eller tjenester er det n\u00f8dvendigt, at du oplyser personlige oplysninger, herunder dit navn, adresse, e-mailadresse, telefonnummer, kreditkortoplysninger og andre personligt identificerende oplysninger. Hvis du ikke giver personlige oplysninger, n\u00e5r du k\u00f8ber et af vores produkter eller tjenester, kan vi ikke bekr\u00e6fte dit k\u00f8b eller opfylde din reservation.<\/p><p>N\u00e5r du registrerer dig hos FaroeWay Adventures, beder vi om grundl\u00e6ggende oplysninger, herunder dit navn og din e-mailadresse, og andre oplysninger s\u00e5som din tilmeldingslokation. Hvis du opretter forbindelse til FaroeWay Adventures ved hj\u00e6lp af Facebook, kan vi ogs\u00e5 indsamle oplysninger, som du har valgt at g\u00f8re tilg\u00e6ngelige i dine Facebook-privatlivsindstillinger, herunder personlige oplysninger s\u00e5som din Facebook-e-mailadresse og Facebook-brugernavn, andre oplysninger s\u00e5som dit profilbillede og vennelister og andre personlige eller andre oplysninger, som du har valgt at g\u00f8re tilg\u00e6ngelige.<\/p><p>N\u00e5r du bes\u00f8ger guidetofaroeislands.fo eller nogen af vores tilknyttede selskabers websider, der hostes af os, genkender og indsamler vores webserver automatisk din IP-adresse, som tildeles af din internetudbyder og ikke identificerer dig personligt. For at hj\u00e6lpe os med at analysere brugen af vores hjemmesider og relaterede tjenester og for at sende mere relevant kommunikation til dig, indsamler og holder vi ogs\u00e5 styr p\u00e5 andre oplysninger, s\u00e5som dine s\u00f8gninger og bookinger p\u00e5 hjemmesiden. Hvis du f.eks. ofte bes\u00f8ger Paris og London, kan vi sende dig s\u00e6rlige meddelelser med tilbud og popul\u00e6re produkter til disse destinationer. Hvis du abonnerer p\u00e5 vores e-mail-marketingkommunikation &#8211; herunder nyhedsbreve og destinationsadvarsler &#8211; er det n\u00f8dvendigt, at du oplyser personlige oplysninger s\u00e5som dit navn og din e-mailadresse og andre oplysninger s\u00e5som dit hjemland.<\/p><p>I nogle tilf\u00e6lde kan vi ogs\u00e5 bede om andre oplysninger som f.eks. demografiske data, herunder dit bop\u00e6lsland, k\u00f8n, alder, rejsevaner osv. Vi bruger ogs\u00e5 cookies (som beskrevet nedenfor) til at indsamle oplysninger om vores hjemmesiders ydeevne og anvendelighed.<\/p><p>Du kan bidrage til webstedet p\u00e5 en r\u00e6kke forskellige m\u00e5der, herunder skrive anmeldelser, uploade fotos, udfylde din offentlige profil og bed\u00f8mme andre brugeres bidrag. Vi kan gemme disse bidrag (dit \u00bbindhold\u00ab), vise dem til andre brugere og bruge dem til salgsfremmende form\u00e5l. Bem\u00e6rk, at hvis du inkluderer personlige oplysninger i dit indhold, kan det bruges og ses af andre. Vi er ikke ansvarlige for de oplysninger, du v\u00e6lger at inkludere i dit indhold.<\/p><h2>Cookies<\/h2><p>\u00bbCookies\u00ab er oplysninger, der gemmes af din webbrowser p\u00e5 din computers harddisk til registreringsform\u00e5l. Cookies i sig selv identificerer kun din computer; de identificerer dig ikke personligt.<\/p><p>F\u00f8rstepartscookies: Hos FaroeWay Adventures bruger vi cookies til at gemme dine pr\u00e6ferencer, registrere sessionsoplysninger, indsamle oplysninger om, hvordan du bes\u00f8ger og f\u00e5r adgang til vores websteder, og til at skr\u00e6ddersy vores websider til dine behov. Vi bruger ogs\u00e5 cookies til at analysere og m\u00e5le effektiviteten af vores e-mailkommunikation, webstedsfunktioner og -tilbud og reklamer samt til at spore de provisioner, vi tjener fra andre websteder.<\/p><p>Cookies fra tredjeparter: Vi bruger ogs\u00e5 tredjepartsannonceringsfirmaer til at vise annoncer, mens du bes\u00f8ger vores websteder, og vi tillader disse firmaer at placere og f\u00e5 adgang til deres egne cookies p\u00e5 din computer i forbindelse med visning af annoncer. S\u00e5danne annonc\u00f8rer har ikke adgang til de oplysninger, vi indsamler via FaroeWay Adventures&#8217; cookies. Andre virksomheders brug af deres cookies er underlagt deres egne privatlivspolitikker og ikke vores.<\/p><p>Hvordan bruger og videregiver vi dine personlige oplysninger?<\/p><p>Vi bruger dine personlige oplysninger p\u00e5 f\u00f8lgende m\u00e5der:<\/p><p>Til at give dig de oplysninger, du beder om om vores produkter<br \/>Til at sende dig e-mailmarkedsf\u00f8ring og information<br \/>Til at gennemf\u00f8re dine bookinger<br \/>Til at bekr\u00e6fte dine k\u00f8b<br \/>For at sikre, at du bliver faktureret korrekt<br \/>At m\u00e5le og spore demografiske detaljer om vores kunder<br \/>At m\u00e5lrette indhold p\u00e5 vores hjemmeside, s\u00e5 det bedre matcher dine interesser<br \/>At m\u00e5lrette det relevante indhold til e-mail-marketingmeddelelser, s\u00e5 det bedre matcher dine interesser<\/p><p>Vi vil give dig valgmuligheder med hensyn til brug og videregivelse af dine personlige oplysninger til markedsf\u00f8ringsform\u00e5l.<\/p><p>Hvis du opretter forbindelse til FaroeWay Adventures via Facebook, kan vi vise dig anmeldelser, fotos og ture, som dine Facebook-venner har lagt op, delt, gemt eller k\u00f8bt p\u00e5 FaroeWay Adventures. Bem\u00e6rk, at hvis du har Facebook-venner, der bruger FaroeWay Adventures, kan de ogs\u00e5 dele oplysninger om dig med os via Facebook. Hvis du \u00f8nsker at forhindre denne deling, bedes du gennemg\u00e5 dine privatlivsindstillinger p\u00e5 Facebook.<\/p><p>Du kan ogs\u00e5 v\u00e6lge at f\u00e5 adgang til tredjeparts sociale mediewebsteder og -tjenester gennem FaroeWay Adventures (s\u00e5som Facebook og Twitter). N\u00e5r du g\u00f8r det, deler du oplysninger med disse websteder, og de oplysninger, du deler, er underlagt deres privatlivspolitikker.<\/p><p>Nogle af de personlige oplysninger, vi indsamler, deles med vores servicepartnere (f.eks. rejsearrang\u00f8rer), der er direkte involveret i at opfylde de k\u00f8b, du har foretaget hos os. Vi giver kun vores tjenesteudbydere dit navn og dine lokale kontaktoplysninger, hvis du giver dem (f.eks. dit hotelnavn til afhentning og aflevering, dit lokale telefonnummer, dit mobiltelefonnummer etc.) Vi giver ikke vores tjenesteudbydere andre personlige oplysninger. Hvis du beslutter dig for at give personlige oplysninger direkte til en tjenesteudbyder, anbefaler vi, at du gennemg\u00e5r tjenesteudbyderens privatlivspolitik for at afg\u00f8re, hvordan en s\u00e5dan tjenesteudbyder kan bruge eller videregive dine personlige oplysninger.<\/p><p>Vi deler ogs\u00e5 dine personlige oplysninger med tredjeparter, der har indg\u00e5et kontrakt om at levere markedsf\u00f8rings- og datarapporteringstjenester til os, og som er bundet af en fortrolighedsforpligtelse, og med andre tredjeparts marketingpartnere.<\/p><p>Vi kan ogs\u00e5 bruge eller videregive personlige oplysninger, som vi mener er n\u00f8dvendige eller passende: (a) i henhold til g\u00e6ldende lov, herunder love uden for dit bop\u00e6lsland; (b) for at overholde juridiske processer; (c) for at svare p\u00e5 anmodninger fra offentlige eller statslige myndigheder, herunder offentlige eller statslige myndigheder uden for dit bop\u00e6lsland; (d) for at h\u00e5ndh\u00e6ve vores vilk\u00e5r og betingelser; (e) for at beskytte vores eller vores tilknyttede selskabers aktiviteter; (f) for at beskytte vores rettigheder, privatliv, sikkerhed eller ejendom, eller vores tilknyttede selskabers, din eller andres; eller (g) for at give os mulighed for at forf\u00f8lge tilg\u00e6ngelige retsmidler eller begr\u00e6nse de skader, vi m\u00e5tte p\u00e5drage os.<\/p><p>Vi kan bruge og videregive andre oplysninger til ethvert form\u00e5l. I nogle tilf\u00e6lde kan vi kombinere andre oplysninger med personlige oplysninger (s\u00e5som at kombinere dit navn med din geografiske placering). Hvis vi kombinerer andre oplysninger med personlige oplysninger, vil de kombinerede oplysninger blive behandlet af os som personlige oplysninger, s\u00e5 l\u00e6nge de er kombineret.<\/p><p>E-mailkommunikation, du kan forvente at modtage fra FaroeWay Adventures<\/p><p>Vi kan sende dig markedsf\u00f8ringsmails med oplysninger om FaroeWay Adventures&#8217; tilbud, destinations- og produktnyheder, konkurrencer, programmer osv. og andre s\u00e6rlige kampagner, som vi mener, at du vil finde v\u00e6rdifulde, interessante eller informative. Vi vil give dig valgmuligheder med hensyn til vores brug af dine personlige oplysninger til markedsf\u00f8ringsform\u00e5l. Hvis du ikke l\u00e6ngere er interesseret i at modtage fremtidig e-mailmarkedsf\u00f8ringskommunikation fra FaroeWay Adventures, har du flere muligheder for at frav\u00e6lge fremtidige forsendelser:<\/p><p>Du kan til enhver tid afmelde dig ved at f\u00f8lge anvisningerne og linket, der er inkluderet i hver e-mail-marketingmeddelelse, vi sender.<br \/>Du kan sende en e-mail til booking@faroeway.fo og anmode om at blive afmeldt ved at inkludere dit navn, din e-mailadresse og ordene \u00bbunsubscribe\u00ab i emnet eller meddelelsens br\u00f8dtekst.<\/p><p>Bem\u00e6rk, at selvom du frav\u00e6lger at modtage fremtidig markedsf\u00f8ringskommunikation fra FaroeWay Adventures, vil vi forts\u00e6tte med at sende dig e-mails vedr\u00f8rende dine k\u00f8b og bookinger og vedr\u00f8rende administrative oplysninger s\u00e5som \u00e6ndringer i vores vilk\u00e5r, betingelser og politikker. Hvis du foretager en booking eller et k\u00f8b p\u00e5 en af vores hjemmesider, kan vi ogs\u00e5 sende dig oplysninger om nye produkter eller bede om din mening om vores hjemmesider osv. for at forbedre vores service til dig og andre forbrugere.<\/p><p>Vores distributionspartnere og leverand\u00f8rer<\/p><p>Vores produkter stilles til r\u00e5dighed gennem vores tredjeparts distributionspartnere og leverand\u00f8rer. Vores distributionspartnere og leverand\u00f8rer kan have privatlivspolitikker, der adskiller sig fra FaroeWay Adventures&#8217; privatlivspolitik.<\/p><p>Du skal ogs\u00e5 v\u00e6re opm\u00e6rksom p\u00e5, at nogle produkt- eller turleverand\u00f8rer og nogle af vores distributionspartnere kan have brug for yderligere personlige eller andre oplysninger (s\u00e5som oplysninger om helbred eller fysisk kondition) for at afg\u00f8re, om du kan deltage i en aktivitet. Du b\u00f8r kun l\u00e6se og stole p\u00e5 den relevante leverand\u00f8rs eller partners privatlivspolitik (og ikke FaroeWay Adventures&#8217; privatlivspolitik), hvis FaroeWay Adventures ikke indsamler disse oplysninger direkte fra dig.<\/p><p>Nogle leverand\u00f8rer eller distributionspartnere kan operere i lande eller stater, der ikke har love eller regler for beskyttelse og sikring af personlige oplysninger. FaroeWay Adventures fors\u00f8ger at tage rimelige skridt til at overtale alle sine leverand\u00f8rer og distributionspartnere til at vedtage og overholde privatlivspolitikker, der i det v\u00e6sentlige svarer til denne. V\u00e6r dog opm\u00e6rksom p\u00e5, at FaroeWay Adventures ikke er i stand til at gennemtvinge overholdelse, s\u00e5 vi er afh\u00e6ngige af, at du og vores andre kunder informerer os, hvis dit privatliv ikke er tilstr\u00e6kkeligt beskyttet af vores leverand\u00f8rer eller distributionspartnere. FaroeWay Adventures kan derefter fors\u00f8ge at tage skridt (herunder afbryde sit forhold til kr\u00e6nkende leverand\u00f8rer eller distributionspartnere) for at hj\u00e6lpe med at forhindre andre forekomster.<\/p><p>Vores sikkerheds- og opbevaringsforanstaltninger<\/p><p>Hos FaroeWay Adventures s\u00f8ger vi at opretholde integriteten og sikkerheden af dine personlige oplysninger.<\/p><p>Vi bruger krypteringsprotokoller af industristandard, n\u00e5r vi modtager og overf\u00f8rer dine personlige oplysninger. N\u00e5r du sender personlige oplysninger til os via internettet, kr\u00e6ver vi faktisk f\u00f8rst, at der oprettes en \u00bbsikker session\u00ab ved hj\u00e6lp af Secure Socket Layer (SSL).<\/p><p>Vi fors\u00f8ger at gemme dine personlige oplysninger i sikre driftsmilj\u00f8er, der ikke er tilg\u00e6ngelige for offentligheden, og at have sikkerhedsforanstaltninger p\u00e5 plads p\u00e5 vores fysiske faciliteter for at beskytte mod tab, misbrug eller \u00e6ndring af dine personlige oplysninger af vores medarbejdere eller tredjeparter.<\/p><p>Imidlertid kan ingen datatransmission over internettet eller datalagringsmilj\u00f8 garanteres at v\u00e6re 100% sikker, s\u00e5 vi kan ikke give en absolut forsikring om, at de oplysninger, du giver os, vil v\u00e6re sikre til enhver tid. FaroeWay Adventures vil ikke blive holdt ansvarlig for begivenheder, der opst\u00e5r som f\u00f8lge af uautoriseret adgang til dine personlige oplysninger. FaroeWay Adventures vil stole p\u00e5, at du fort\u00e6ller os, hvis du oplever us\u00e6dvanlige begivenheder, der kan indikere et brud p\u00e5 din informationssikkerhed. Vi vil derefter fors\u00f8ge at unders\u00f8ge, om sikkerhedsbruddet var relateret til dataoverf\u00f8rsler fra eller til FaroeWay Adventures, og fort\u00e6lle dig, hvilke skridt der kan tages og er blevet taget for at hj\u00e6lpe med at rette op p\u00e5 problemet. Yderligere handlinger, s\u00e5som rapportering af h\u00e6ndelser til politiet eller andre relevante myndigheder, kan ogs\u00e5 v\u00e6re p\u00e5kr\u00e6vet.<\/p><h2>\u00c6ndringer i vores privatlivspolitik<\/h2><p>Vi ved, at vores forretning vil forts\u00e6tte med at udvikle sig, n\u00e5r vi introducerer nye produkter, og derfor kan denne privatlivspolitik fra tid til anden blive gennemg\u00e5et og revideret. FaroeWay Adventures forbeholder sig ret til at \u00e6ndre denne fortrolighedspolitik ved at offentligg\u00f8re \u00e6ndringerne p\u00e5 sin hjemmeside.<\/p>\t\t\t\t\t\t\t\t<\/div>\n\t\t\t\t<\/div>\n\t\t\t\t\t<\/div>\n\t\t<\/div>\n\t\t\t\t\t<\/div>\n\t\t<\/section>\n\t\t\t\t<\/div>\n\t\t","protected":false},"excerpt":{"rendered":"<p>Privatlivspolitik Oplev F\u00e6r\u00f8erne med os Vi tager dig med til alt fra ikoniske landem\u00e6rker til skjulte perler. FaroeWay Adventures respekterer andres intellektuelle ejendomsrettigheder og er forpligtet til at hj\u00e6lpe tredjeparter med at beskytte deres rettigheder. Vores vilk\u00e5r og betingelser forbyder brugere at sende indhold, der kr\u00e6nker en anden parts intellektuelle ejendomsrettigheder. N\u00e5r vi modtager en [&hellip;]<\/p>\n","protected":false},"author":1,"featured_media":0,"parent":0,"menu_order":0,"comment_status":"closed","ping_status":"closed","template":"","meta":{"site-sidebar-layout":"no-sidebar","site-content-layout":"page-builder","ast-site-content-layout":"","site-content-style":"default","site-sidebar-style":"default","ast-global-header-display":"","ast-banner-title-visibility":"","ast-main-header-display":"","ast-hfb-above-header-display":"","ast-hfb-below-header-display":"","ast-hfb-mobile-header-display":"","site-post-title":"disabled","ast-breadcrumbs-content":"","ast-featured-img":"disabled","footer-sml-layout":"","theme-transparent-header-meta":"enabled","adv-header-id-meta":"","stick-header-meta":"","header-above-stick-meta":"","header-main-stick-meta":"","header-below-stick-meta":"","astra-migrate-meta-layouts":"default","ast-page-background-enabled":"default","ast-page-background-meta":{"desktop":{"background-color":"","background-image":"","background-repeat":"repeat","background-position":"center center","background-size":"auto","background-attachment":"scroll","background-type":"","background-media":"","overlay-type":"","overlay-color":"","overlay-opacity":"","overlay-gradient":""},"tablet":{"background-color":"","background-image":"","background-repeat":"repeat","background-position":"center center","background-size":"auto","background-attachment":"scroll","background-type":"","background-media":"","overlay-type":"","overlay-color":"","overlay-opacity":"","overlay-gradient":""},"mobile":{"background-color":"","background-image":"","background-repeat":"repeat","background-position":"center center","background-size":"auto","background-attachment":"scroll","background-type":"","background-media":"","overlay-type":"","overlay-color":"","overlay-opacity":"","overlay-gradient":""}},"ast-content-background-meta":{"desktop":{"background-color":"var(--ast-global-color-5)","background-image":"","background-repeat":"repeat","background-position":"center center","background-size":"auto","background-attachment":"scroll","background-type":"","background-media":"","overlay-type":"","overlay-color":"","overlay-opacity":"","overlay-gradient":""},"tablet":{"background-color":"var(--ast-global-color-5)","background-image":"","background-repeat":"repeat","background-position":"center center","background-size":"auto","background-attachment":"scroll","background-type":"","background-media":"","overlay-type":"","overlay-color":"","overlay-opacity":"","overlay-gradient":""},"mobile":{"background-color":"var(--ast-global-color-5)","background-image":"","background-repeat":"repeat","background-position":"center center","background-size":"auto","background-attachment":"scroll","background-type":"","background-media":"","overlay-type":"","overlay-color":"","overlay-opacity":"","overlay-gradient":""}},"footnotes":""},"class_list":["post-3380","page","type-page","status-publish","hentry"],"_links":{"self":[{"href":"https:\/\/faroeway.fo\/da\/wp-json\/wp\/v2\/pages\/3380","targetHints":{"allow":["GET"]}}],"collection":[{"href":"https:\/\/faroeway.fo\/da\/wp-json\/wp\/v2\/pages"}],"about":[{"href":"https:\/\/faroeway.fo\/da\/wp-json\/wp\/v2\/types\/page"}],"author":[{"embeddable":true,"href":"https:\/\/faroeway.fo\/da\/wp-json\/wp\/v2\/users\/1"}],"replies":[{"embeddable":true,"href":"https:\/\/faroeway.fo\/da\/wp-json\/wp\/v2\/comments?post=3380"}],"version-history":[{"count":6,"href":"https:\/\/faroeway.fo\/da\/wp-json\/wp\/v2\/pages\/3380\/revisions"}],"predecessor-version":[{"id":3426,"href":"https:\/\/faroeway.fo\/da\/wp-json\/wp\/v2\/pages\/3380\/revisions\/3426"}],"wp:attachment":[{"href":"https:\/\/faroeway.fo\/da\/wp-json\/wp\/v2\/media?parent=3380"}],"curies":[{"name":"wp","href":"https:\/\/api.w.org\/{rel}","templated":true}]}}